{"id":5376,"date":"2016-08-09T14:03:14","date_gmt":"2016-08-09T14:03:14","guid":{"rendered":"https:\/\/sl.ebavs.net\/?page_id=5376"},"modified":"2021-07-20T15:46:53","modified_gmt":"2021-07-20T15:46:53","slug":"contacto","status":"publish","type":"page","link":"https:\/\/sl.ebavs.net\/es\/contacto\/","title":{"rendered":"contacto"},"content":{"rendered":"<style type=\"text\/css\" data-created_by=\"avia_inline_auto\" id=\"style-css-av-kr4lh1z7-4fc1b70637f4bbe8a5db61a7b8adfaba\">\n#top .hr.hr-invisible.av-kr4lh1z7-4fc1b70637f4bbe8a5db61a7b8adfaba{\nheight:50px;\n}\n<\/style>\n<div  class='hr av-kr4lh1z7-4fc1b70637f4bbe8a5db61a7b8adfaba hr-invisible  avia-builder-el-0  el_before_av_heading  avia-builder-el-first'><span class='hr-inner'><span class=\"hr-inner-style\"><\/span><\/span><\/div>\n\n<style type=\"text\/css\" data-created_by=\"avia_inline_auto\" id=\"style-css-av-av_heading-294fb14b13360f17a92cb4ea8a1ee4ca\">\n#top .av-special-heading.av-av_heading-294fb14b13360f17a92cb4ea8a1ee4ca{\npadding-bottom:10px;\n}\nbody .av-special-heading.av-av_heading-294fb14b13360f17a92cb4ea8a1ee4ca .av-special-heading-tag .heading-char{\nfont-size:25px;\n}\n.av-special-heading.av-av_heading-294fb14b13360f17a92cb4ea8a1ee4ca .av-subheading{\nfont-size:18px;\n}\n<\/style>\n<div  class='av-special-heading av-av_heading-294fb14b13360f17a92cb4ea8a1ee4ca av-special-heading-h1 blockquote modern-quote  avia-builder-el-1  el_after_av_hr  el_before_av_section  avia-builder-el-last'><h1 class='av-special-heading-tag'  itemprop=\"headline\"  >Hola x EBAVS\/ <\/h1><div class=\"special-heading-border\"><div class=\"special-heading-inner-border\"><\/div><\/div><\/div>\n<\/div><\/div><\/div><!-- close content main div --><\/div><\/div><div id='av_section_1'  class='avia-section av-kmex84l3-0e0ab6555155db8a51fa6f9257e43a1c main_color avia-section-default avia-no-border-styling  avia-builder-el-2  el_after_av_heading  el_before_av_section  avia-bg-style-scroll container_wrap fullsize'  ><div class='container av-section-cont-open' ><div class='template-page content  av-content-full alpha units'><div class='post-entry post-entry-type-page post-entry-5376'><div class='entry-content-wrapper clearfix'>\n\n<style type=\"text\/css\" data-created_by=\"avia_inline_auto\" id=\"style-css-av-o8ei-4793a745e7eae9007fe4460237387fc5\">\n.flex_column.av-o8ei-4793a745e7eae9007fe4460237387fc5{\nborder-radius:0px 0px 0px 0px;\npadding:0px 0px 0px 0px;\n}\n<\/style>\n<div  class='flex_column av-o8ei-4793a745e7eae9007fe4460237387fc5 av_one_fourth  avia-builder-el-3  el_before_av_three_fourth  avia-builder-el-first  first flex_column_div av-animated-generic fade-in av-zero-column-padding'     ><\/div>\n<style type=\"text\/css\" data-created_by=\"avia_inline_auto\" id=\"style-css-av-o8ei-7cc85d6ba2679116c80e5b6ab9dfdf54\">\n.flex_column.av-o8ei-7cc85d6ba2679116c80e5b6ab9dfdf54{\nborder-radius:0px 0px 0px 0px;\npadding:0px 0px 0px 0px;\n}\n<\/style>\n<div  class='flex_column av-o8ei-7cc85d6ba2679116c80e5b6ab9dfdf54 av_three_fourth  avia-builder-el-4  el_after_av_one_fourth  avia-builder-el-last  flex_column_div av-animated-generic bottom-to-top av-zero-column-padding'     ><section  class='av_textblock_section av-3c831g-dafce399b54a4688a6a8b59c1c5bcca9'   itemscope=\"itemscope\" itemtype=\"https:\/\/schema.org\/CreativeWork\" ><div class='avia_textblock'  itemprop=\"text\" ><h2>Encantados de conocerte.<\/h2>\n<\/div><\/section><br \/>\n<section  class='av_textblock_section av-k1jdvr4r-3f85bb6b75bc4c7d7f664c5b3cdcfe22'   itemscope=\"itemscope\" itemtype=\"https:\/\/schema.org\/CreativeWork\" ><div class='avia_textblock'  itemprop=\"text\" ><p>Cu\u00e9ntanos tu proyecto y ponte en contacto con nosotros. Somos n\u00f3madas digitales, ahora vivimos y trabajamos en Barcelona, ma\u00f1ana no lo sabemos.<\/p>\n<p>\u00bfTienes un proyecto a media que necesitar desarrollar? \u00bfNecesitas una gu\u00eda espiritual para tus proyectos digitales?<\/p>\n<p>EBAVS\/ est\u00e1 a su servicio para lograrlo y ayudarlo en el \u00e9xito de su proyecto. Somos tus gur\u00fas.<\/p>\n<p>&gt; hello@ebavs.net<\/p>\n<\/div><\/section><br \/>\n<section  class='av_textblock_section av-k1jdvr4r-3f85bb6b75bc4c7d7f664c5b3cdcfe22'   itemscope=\"itemscope\" itemtype=\"https:\/\/schema.org\/CreativeWork\" ><div class='avia_textblock'  itemprop=\"text\" ><p>Oye pero si te gusta m\u00e1s el cara a cara, \u00a1reun\u00e1monos! Podemos tomar un caf\u00e9 con vistas a<strong> Hangout, Zoom, Skype, Jitsi<\/strong> o lo que sea.<\/p>\n<\/div><\/section><\/p><\/div><\/div><\/div><\/div><!-- close content main div --><\/div><\/div>\n<style type=\"text\/css\" data-created_by=\"avia_inline_auto\" id=\"style-css-av-kmex84l3-de9930f1ab6d55a4ac4f5462f3621933\">\n.avia-section.av-kmex84l3-de9930f1ab6d55a4ac4f5462f3621933 .av-parallax .av-parallax-inner{\nbackground-repeat:no-repeat;\nbackground-image:url(https:\/\/sl.ebavs.net\/wp-content\/webp-express\/webp-images\/doc-root\/wp-content\/uploads\/2021\/07\/ebavs-projects.png.webp);\nbackground-position:0% 0%;\nbackground-attachment:scroll;\n}\n<\/style>\n<div id='av_section_2'  class='avia-section av-kmex84l3-de9930f1ab6d55a4ac4f5462f3621933 main_color avia-section-huge avia-no-border-styling  avia-builder-el-8  el_after_av_section  el_before_av_section  av-parallax-section avia-bg-style-parallax av-minimum-height av-minimum-height-75 av-height-75  container_wrap fullsize'  data-section-bg-repeat='no-repeat' data-av_minimum_height_pc='75' data-av_min_height_opt='75'><div class='av-parallax' data-avia-parallax-ratio='0.3' ><div class='av-parallax-inner main_color avia-full-stretch'><\/div><\/div><div class='container av-section-cont-open' ><div class='template-page content  av-content-full alpha units'><div class='post-entry post-entry-type-page post-entry-5376'><div class='entry-content-wrapper clearfix'><\/p>\n<\/div><\/div><\/div><!-- close content main div --><\/div><\/div><div id='av_section_3'  class='avia-section av-kmex84l3-ddb218fcdfb0fc30dc7f1fb2113d42cc main_color avia-section-no-padding avia-no-border-styling  avia-builder-el-9  el_after_av_section  avia-builder-el-last  avia-bg-style-scroll av-minimum-height av-minimum-height-custom av-height-custom  container_wrap fullsize'   data-av_minimum_height_px='300'><div class='container av-section-cont-open' style='height:300px'><div class='template-page content  av-content-full alpha units'><div class='post-entry post-entry-type-page post-entry-5376'><div class='entry-content-wrapper clearfix'>\n\n<style type=\"text\/css\" data-created_by=\"avia_inline_auto\" id=\"style-css-av-kr66g0u9-53fe1a6ce710b97c0de9a7db57bb2081\">\n#top .av-special-heading.av-kr66g0u9-53fe1a6ce710b97c0de9a7db57bb2081{\npadding-bottom:10px;\n}\nbody .av-special-heading.av-kr66g0u9-53fe1a6ce710b97c0de9a7db57bb2081 .av-special-heading-tag .heading-char{\nfont-size:25px;\n}\n.av-special-heading.av-kr66g0u9-53fe1a6ce710b97c0de9a7db57bb2081 .av-subheading{\nfont-size:15px;\n}\n<\/style>\n<div  class='av-special-heading av-kr66g0u9-53fe1a6ce710b97c0de9a7db57bb2081 av-special-heading-h2 blockquote modern-quote  avia-builder-el-10  avia-builder-el-no-sibling  typewriter-effect'><h2 class='av-special-heading-tag'  itemprop=\"headline\"  >Pensamos estrat\u00e9gicamente, programamos t\u00e1cticamente.<\/h2><div class=\"special-heading-border\"><div class=\"special-heading-inner-border\"><\/div><\/div><\/div>","protected":false},"excerpt":{"rendered":"","protected":false},"author":2,"featured_media":0,"parent":0,"menu_order":0,"comment_status":"closed","ping_status":"closed","template":"","meta":{"_exactmetrics_skip_tracking":false,"_exactmetrics_sitenote_active":false,"_exactmetrics_sitenote_note":"","_exactmetrics_sitenote_category":0,"footnotes":""},"class_list":["post-5376","page","type-page","status-publish","hentry"],"yoast_head":"<!-- This site is optimized with the Yoast SEO plugin v26.9 - https:\/\/yoast.com\/product\/yoast-seo-wordpress\/ -->\n<title>Contacta con nosotros: desarrollo web y estrategia digital - EBAVS \/<\/title>\n<meta name=\"description\" content=\"Contacta con EBAVS \/ para Desarrollo Web, Wordpress, PrestaShop, Consultor\u00eda UX, SEO, Estrategia digital o Project Management.\" \/>\n<meta name=\"robots\" content=\"index, follow, max-snippet:-1, max-image-preview:large, max-video-preview:-1\" \/>\n<link rel=\"canonical\" href=\"https:\/\/sl.ebavs.net\/es\/contacto\/\" \/>\n<meta property=\"og:locale\" content=\"es_ES\" \/>\n<meta property=\"og:type\" content=\"article\" \/>\n<meta property=\"og:title\" content=\"Contacta con nosotros: desarrollo web y estrategia digital - EBAVS \/\" \/>\n<meta property=\"og:description\" content=\"Contacta con EBAVS \/ para Desarrollo Web, Wordpress, PrestaShop, Consultor\u00eda UX, SEO, Estrategia digital o Project Management.\" \/>\n<meta property=\"og:url\" content=\"https:\/\/sl.ebavs.net\/es\/contacto\/\" \/>\n<meta property=\"og:site_name\" content=\"EBAVS\/\" \/>\n<meta property=\"article:modified_time\" content=\"2021-07-20T15:46:53+00:00\" \/>\n<meta name=\"twitter:card\" content=\"summary_large_image\" \/>\n<meta name=\"twitter:label1\" content=\"Tiempo de lectura\" \/>\n\t<meta name=\"twitter:data1\" content=\"5 minutos\" \/>\n<script type=\"application\/ld+json\" class=\"yoast-schema-graph\">{\"@context\":\"https:\/\/schema.org\",\"@graph\":[{\"@type\":\"WebPage\",\"@id\":\"https:\/\/sl.ebavs.net\/es\/contacto\/\",\"url\":\"https:\/\/sl.ebavs.net\/es\/contacto\/\",\"name\":\"Contacta con nosotros: desarrollo web y estrategia digital - EBAVS \/\",\"isPartOf\":{\"@id\":\"https:\/\/sl.ebavs.net\/es\/#website\"},\"datePublished\":\"2016-08-09T14:03:14+00:00\",\"dateModified\":\"2021-07-20T15:46:53+00:00\",\"description\":\"Contacta con EBAVS \/ para Desarrollo Web, Wordpress, PrestaShop, Consultor\u00eda UX, SEO, Estrategia digital o Project Management.\",\"breadcrumb\":{\"@id\":\"https:\/\/sl.ebavs.net\/es\/contacto\/#breadcrumb\"},\"inLanguage\":\"es\",\"potentialAction\":[{\"@type\":\"ReadAction\",\"target\":[\"https:\/\/sl.ebavs.net\/es\/contacto\/\"]}]},{\"@type\":\"BreadcrumbList\",\"@id\":\"https:\/\/sl.ebavs.net\/es\/contacto\/#breadcrumb\",\"itemListElement\":[{\"@type\":\"ListItem\",\"position\":1,\"name\":\"Home\",\"item\":\"https:\/\/sl.ebavs.net\/es\/desarrollo-web-estrategia-digital\/\"},{\"@type\":\"ListItem\",\"position\":2,\"name\":\"contacto\"}]},{\"@type\":\"WebSite\",\"@id\":\"https:\/\/sl.ebavs.net\/es\/#website\",\"url\":\"https:\/\/sl.ebavs.net\/es\/\",\"name\":\"EBAVS\/\",\"description\":\"Freelance team based in Barcelona, experts on digitals projects. Digital project management and Digital web developers\",\"potentialAction\":[{\"@type\":\"SearchAction\",\"target\":{\"@type\":\"EntryPoint\",\"urlTemplate\":\"https:\/\/sl.ebavs.net\/es\/?s={search_term_string}\"},\"query-input\":{\"@type\":\"PropertyValueSpecification\",\"valueRequired\":true,\"valueName\":\"search_term_string\"}}],\"inLanguage\":\"es\"}]}<\/script>\n<!-- \/ Yoast SEO plugin. -->","yoast_head_json":{"title":"Contacta con nosotros: desarrollo web y estrategia digital - EBAVS \/","description":"Contacta con EBAVS \/ para Desarrollo Web, Wordpress, PrestaShop, Consultor\u00eda UX, SEO, Estrategia digital o Project Management.","robots":{"index":"index","follow":"follow","max-snippet":"max-snippet:-1","max-image-preview":"max-image-preview:large","max-video-preview":"max-video-preview:-1"},"canonical":"https:\/\/sl.ebavs.net\/es\/contacto\/","og_locale":"es_ES","og_type":"article","og_title":"Contacta con nosotros: desarrollo web y estrategia digital - EBAVS \/","og_description":"Contacta con EBAVS \/ para Desarrollo Web, Wordpress, PrestaShop, Consultor\u00eda UX, SEO, Estrategia digital o Project Management.","og_url":"https:\/\/sl.ebavs.net\/es\/contacto\/","og_site_name":"EBAVS\/","article_modified_time":"2021-07-20T15:46:53+00:00","twitter_card":"summary_large_image","twitter_misc":{"Tiempo de lectura":"5 minutos"},"schema":{"@context":"https:\/\/schema.org","@graph":[{"@type":"WebPage","@id":"https:\/\/sl.ebavs.net\/es\/contacto\/","url":"https:\/\/sl.ebavs.net\/es\/contacto\/","name":"Contacta con nosotros: desarrollo web y estrategia digital - EBAVS \/","isPartOf":{"@id":"https:\/\/sl.ebavs.net\/es\/#website"},"datePublished":"2016-08-09T14:03:14+00:00","dateModified":"2021-07-20T15:46:53+00:00","description":"Contacta con EBAVS \/ para Desarrollo Web, Wordpress, PrestaShop, Consultor\u00eda UX, SEO, Estrategia digital o Project Management.","breadcrumb":{"@id":"https:\/\/sl.ebavs.net\/es\/contacto\/#breadcrumb"},"inLanguage":"es","potentialAction":[{"@type":"ReadAction","target":["https:\/\/sl.ebavs.net\/es\/contacto\/"]}]},{"@type":"BreadcrumbList","@id":"https:\/\/sl.ebavs.net\/es\/contacto\/#breadcrumb","itemListElement":[{"@type":"ListItem","position":1,"name":"Home","item":"https:\/\/sl.ebavs.net\/es\/desarrollo-web-estrategia-digital\/"},{"@type":"ListItem","position":2,"name":"contacto"}]},{"@type":"WebSite","@id":"https:\/\/sl.ebavs.net\/es\/#website","url":"https:\/\/sl.ebavs.net\/es\/","name":"EBAVS\/","description":"Freelance team based in Barcelona, experts on digitals projects. Digital project management and Digital web developers","potentialAction":[{"@type":"SearchAction","target":{"@type":"EntryPoint","urlTemplate":"https:\/\/sl.ebavs.net\/es\/?s={search_term_string}"},"query-input":{"@type":"PropertyValueSpecification","valueRequired":true,"valueName":"search_term_string"}}],"inLanguage":"es"}]}},"_links":{"self":[{"href":"https:\/\/sl.ebavs.net\/es\/wp-json\/wp\/v2\/pages\/5376","targetHints":{"allow":["GET"]}}],"collection":[{"href":"https:\/\/sl.ebavs.net\/es\/wp-json\/wp\/v2\/pages"}],"about":[{"href":"https:\/\/sl.ebavs.net\/es\/wp-json\/wp\/v2\/types\/page"}],"author":[{"embeddable":true,"href":"https:\/\/sl.ebavs.net\/es\/wp-json\/wp\/v2\/users\/2"}],"replies":[{"embeddable":true,"href":"https:\/\/sl.ebavs.net\/es\/wp-json\/wp\/v2\/comments?post=5376"}],"version-history":[{"count":9,"href":"https:\/\/sl.ebavs.net\/es\/wp-json\/wp\/v2\/pages\/5376\/revisions"}],"predecessor-version":[{"id":8927,"href":"https:\/\/sl.ebavs.net\/es\/wp-json\/wp\/v2\/pages\/5376\/revisions\/8927"}],"wp:attachment":[{"href":"https:\/\/sl.ebavs.net\/es\/wp-json\/wp\/v2\/media?parent=5376"}],"curies":[{"name":"wp","href":"https:\/\/api.w.org\/{rel}","templated":true}]}}