{"id":5380,"date":"2016-08-09T11:15:45","date_gmt":"2016-08-09T11:15:45","guid":{"rendered":"https:\/\/sl.ebavs.net\/?page_id=5380"},"modified":"2021-07-26T13:35:16","modified_gmt":"2021-07-26T13:35:16","slug":"servicios","status":"publish","type":"page","link":"https:\/\/sl.ebavs.net\/es\/servicios\/","title":{"rendered":"servicios"},"content":{"rendered":"<style type=\"text\/css\" data-created_by=\"avia_inline_auto\" id=\"style-css-av-kr4jfrr9-ef026765d47a597fe1c3d696037b1d43\">\n#top .hr.hr-invisible.av-kr4jfrr9-ef026765d47a597fe1c3d696037b1d43{\nheight:50px;\n}\n<\/style>\n<div  class='hr av-kr4jfrr9-ef026765d47a597fe1c3d696037b1d43 hr-invisible  avia-builder-el-0  el_before_av_heading  avia-builder-el-first'><span class='hr-inner'><span class=\"hr-inner-style\"><\/span><\/span><\/div>\n\n<style type=\"text\/css\" data-created_by=\"avia_inline_auto\" id=\"style-css-av-av_heading-095a01f0258ddc72a3a6da4d6cb70054\">\n#top .av-special-heading.av-av_heading-095a01f0258ddc72a3a6da4d6cb70054{\npadding-bottom:10px;\n}\nbody .av-special-heading.av-av_heading-095a01f0258ddc72a3a6da4d6cb70054 .av-special-heading-tag .heading-char{\nfont-size:25px;\n}\n.av-special-heading.av-av_heading-095a01f0258ddc72a3a6da4d6cb70054 .av-subheading{\nfont-size:18px;\n}\n<\/style>\n<div  class='av-special-heading av-av_heading-095a01f0258ddc72a3a6da4d6cb70054 av-special-heading-h1 blockquote modern-quote  avia-builder-el-1  el_after_av_hr  el_before_av_section  avia-builder-el-last'><h1 class='av-special-heading-tag'  itemprop=\"headline\"  >Servicios x EBAVS\/ <\/h1><div class=\"special-heading-border\"><div class=\"special-heading-inner-border\"><\/div><\/div><\/div>\n<\/div><\/div><\/div><!-- close content main div --><\/div><\/div><div id='av_section_1'  class='avia-section av-kmex84l3-0e0ab6555155db8a51fa6f9257e43a1c main_color avia-section-default avia-no-border-styling  avia-builder-el-2  el_after_av_heading  el_before_av_section  avia-bg-style-scroll container_wrap fullsize'  ><div class='container av-section-cont-open' ><div class='template-page content  av-content-full alpha units'><div class='post-entry post-entry-type-page post-entry-5380'><div class='entry-content-wrapper clearfix'>\n\n<style type=\"text\/css\" data-created_by=\"avia_inline_auto\" id=\"style-css-av-o8ei-4793a745e7eae9007fe4460237387fc5\">\n.flex_column.av-o8ei-4793a745e7eae9007fe4460237387fc5{\nborder-radius:0px 0px 0px 0px;\npadding:0px 0px 0px 0px;\n}\n<\/style>\n<div  class='flex_column av-o8ei-4793a745e7eae9007fe4460237387fc5 av_one_fourth  avia-builder-el-3  el_before_av_three_fourth  avia-builder-el-first  first flex_column_div av-animated-generic fade-in av-zero-column-padding'     ><\/div>\n<style type=\"text\/css\" data-created_by=\"avia_inline_auto\" id=\"style-css-av-o8ei-7cc85d6ba2679116c80e5b6ab9dfdf54\">\n.flex_column.av-o8ei-7cc85d6ba2679116c80e5b6ab9dfdf54{\nborder-radius:0px 0px 0px 0px;\npadding:0px 0px 0px 0px;\n}\n<\/style>\n<div  class='flex_column av-o8ei-7cc85d6ba2679116c80e5b6ab9dfdf54 av_three_fourth  avia-builder-el-4  el_after_av_one_fourth  avia-builder-el-last  flex_column_div av-animated-generic bottom-to-top av-zero-column-padding'     ><section  class='av_textblock_section av-3c831g-dafce399b54a4688a6a8b59c1c5bcca9'   itemscope=\"itemscope\" itemtype=\"https:\/\/schema.org\/CreativeWork\" ><div class='avia_textblock'  itemprop=\"text\" ><h2>Estamos especializados en Estrategia Digital y Desarrollo Web para marcas.<\/h2>\n<\/div><\/section><br \/>\n<section  class='av_textblock_section av-3c831g-dafce399b54a4688a6a8b59c1c5bcca9'   itemscope=\"itemscope\" itemtype=\"https:\/\/schema.org\/CreativeWork\" ><div class='avia_textblock'  itemprop=\"text\" ><p>Somos expertos en ayudar a los clientes a decidir qu\u00e9 es bueno para su negocio y le acompa\u00f1amos hasta lograrlo.<\/p>\n<p>Trabajamos duro para ser una de las mejores <strong>agencias digitales de Barcelona<\/strong> y nuestro equipo de <a href=\"https:\/\/sl.ebavs.net\/es\/servicios\/desarrollo-web\/\">desarrollo<\/a> y equipo de <a href=\"https:\/\/sl.ebavs.net\/es\/servicios\/digital-project-management\/\">gesti\u00f3n de proyectos digitales<\/a> forman un perfecto t\u00e1ndem para crear proyectos digitales.<\/p>\n<\/div><\/section><\/p><\/div>\n\n<\/div><\/div><\/div><!-- close content main div --><\/div><\/div>\n<style type=\"text\/css\" data-created_by=\"avia_inline_auto\" id=\"style-css-av-kmex84l3-ac097b2fcf25d307b57d992e78129214\">\n.avia-section.av-kmex84l3-ac097b2fcf25d307b57d992e78129214 .av-parallax .av-parallax-inner{\nbackground-repeat:no-repeat;\nbackground-image:url(https:\/\/sl.ebavs.net\/wp-content\/webp-express\/webp-images\/doc-root\/wp-content\/uploads\/2021\/07\/ebavs-services.png.webp);\nbackground-position:0% 0%;\nbackground-attachment:scroll;\n}\n<\/style>\n<div id='av_section_2'  class='avia-section av-kmex84l3-ac097b2fcf25d307b57d992e78129214 main_color avia-section-huge avia-no-border-styling  avia-builder-el-7  el_after_av_section  el_before_av_section  av-parallax-section avia-bg-style-parallax av-minimum-height av-minimum-height-25 av-height-25  container_wrap fullsize'  data-section-bg-repeat='no-repeat' data-av_minimum_height_pc='25' data-av_min_height_opt='25'><div class='av-parallax' data-avia-parallax-ratio='0.3' ><div class='av-parallax-inner main_color avia-full-stretch'><\/div><\/div><div class='container av-section-cont-open' ><div class='template-page content  av-content-full alpha units'><div class='post-entry post-entry-type-page post-entry-5380'><div class='entry-content-wrapper clearfix'>\n<\/div><\/div><\/div><!-- close content main div --><\/div><\/div>\n<style type=\"text\/css\" data-created_by=\"avia_inline_auto\" id=\"style-css-av-kmex84l3-aa5f7d98a0049e9e51de6198b4359aeb\">\n.avia-section.av-kmex84l3-aa5f7d98a0049e9e51de6198b4359aeb{\nbackground-color:#f78b4f;\nbackground-image:unset;\n}\n<\/style>\n<div id='av_section_3'  class='avia-section av-kmex84l3-aa5f7d98a0049e9e51de6198b4359aeb main_color avia-section-default avia-no-border-styling  avia-builder-el-8  el_after_av_section  avia-builder-el-last  avia-bg-style-scroll av-minimum-height av-minimum-height-custom av-height-custom  container_wrap fullsize'   data-av_minimum_height_px='600'><div class='container av-section-cont-open' style='height:600px'><div class='template-page content  av-content-full alpha units'><div class='post-entry post-entry-type-page post-entry-5380'><div class='entry-content-wrapper clearfix'>\n\n<style type=\"text\/css\" data-created_by=\"avia_inline_auto\" id=\"style-css-av-o8ei-050b2ce3f4047cb90b4beeeb3a41cb21\">\n.flex_column.av-o8ei-050b2ce3f4047cb90b4beeeb3a41cb21{\nborder-radius:0px 0px 0px 0px;\npadding:0px 0px 0px 0px;\n}\n<\/style>\n<div  class='flex_column av-o8ei-050b2ce3f4047cb90b4beeeb3a41cb21 av_one_fourth  avia-builder-el-9  el_before_av_three_fourth  avia-builder-el-first  first flex_column_div av-animated-generic bottom-to-top av-zero-column-padding'     ><\/div>\n<style type=\"text\/css\" data-created_by=\"avia_inline_auto\" id=\"style-css-av-o8ei-7cc85d6ba2679116c80e5b6ab9dfdf54\">\n.flex_column.av-o8ei-7cc85d6ba2679116c80e5b6ab9dfdf54{\nborder-radius:0px 0px 0px 0px;\npadding:0px 0px 0px 0px;\n}\n<\/style>\n<div  class='flex_column av-o8ei-7cc85d6ba2679116c80e5b6ab9dfdf54 av_three_fourth  avia-builder-el-10  el_after_av_one_fourth  el_before_av_one_fourth  flex_column_div av-animated-generic bottom-to-top av-zero-column-padding'     ><section  class='av_textblock_section av-kkzlvue5-62865720b62990f9f5febb4d45281883'   itemscope=\"itemscope\" itemtype=\"https:\/\/schema.org\/CreativeWork\" ><div class='avia_textblock'  itemprop=\"text\" ><h2>Desarrollo web<\/h2>\n<p>Construimos a medida del cliente.<br \/>\n\u00bfNecesitas una landing page? \u00bfUn maquetaci\u00f3n para una newsletter? \u00bfO un sitio web? \u00bfNecesitas un e-commerce con Prestashop o Woocommerce? \u00bfNecesitas crear plugins a medida de WordPress? \u00bfO quiz\u00e1s necesitas migrar tu web antigua a una nueva?<\/p>\n<p>Estamos especializados tanto en desarrollo front como back end.<\/p>\n<p>Adem\u00e1s, trabajamos con Open Sources como WordPress, creando temas de WordPress, plugins de WordPress; Prestashop, creando m\u00f3dulos, complementos y temas; y Sitefinity, creando widgets y desarrollos a medida.<\/p>\n<\/div><\/section><br \/>\n<div  class='avia-button-wrap av-kkzlmmdp-57193ebe8a87fc42bed18df0eb83002b-wrap avia-button-left  avia-builder-el-12  el_after_av_textblock  avia-builder-el-last'><a href='https:\/\/sl.ebavs.net\/es\/servicios\/desarrollo-web\/'  class='avia-button av-kkzlmmdp-57193ebe8a87fc42bed18df0eb83002b av-link-btn avia-icon_select-no avia-size-large avia-position-left avia-color-dark'   aria-label=\"Desarrollo web\"><span class='avia_iconbox_title' >Desarrollo web<\/span><\/a><\/div><\/p><\/div>\n<style type=\"text\/css\" data-created_by=\"avia_inline_auto\" id=\"style-css-av-o8ei-050b2ce3f4047cb90b4beeeb3a41cb21\">\n.flex_column.av-o8ei-050b2ce3f4047cb90b4beeeb3a41cb21{\nborder-radius:0px 0px 0px 0px;\npadding:0px 0px 0px 0px;\n}\n<\/style>\n<div  class='flex_column av-o8ei-050b2ce3f4047cb90b4beeeb3a41cb21 av_one_fourth  avia-builder-el-13  el_after_av_three_fourth  el_before_av_three_fourth  first flex_column_div av-animated-generic bottom-to-top av-zero-column-padding  column-top-margin'     ><\/div>\n<style type=\"text\/css\" data-created_by=\"avia_inline_auto\" id=\"style-css-av-o8ei-7cc85d6ba2679116c80e5b6ab9dfdf54\">\n.flex_column.av-o8ei-7cc85d6ba2679116c80e5b6ab9dfdf54{\nborder-radius:0px 0px 0px 0px;\npadding:0px 0px 0px 0px;\n}\n<\/style>\n<div  class='flex_column av-o8ei-7cc85d6ba2679116c80e5b6ab9dfdf54 av_three_fourth  avia-builder-el-14  el_after_av_one_fourth  el_before_av_one_fourth  flex_column_div av-animated-generic bottom-to-top av-zero-column-padding  column-top-margin'     ><section  class='av_textblock_section av-kkzm3zfk-9806a5aa42bd52307d218cf1dc846110'   itemscope=\"itemscope\" itemtype=\"https:\/\/schema.org\/CreativeWork\" ><div class='avia_textblock'  itemprop=\"text\" ><h2>Estrategia Digital<\/h2>\n<p>Revisamos tu proyecto e idea y creamos una estrategia digital, \u00bfQui\u00e9n es tu target? \u00bfCu\u00e1l es tu objetivo? \u00bfCu\u00e1l es la mejor herramienta o canal para lograrlo?<\/p>\n<p>Te ayudamos a definir el por qu\u00e9, la historia de la marca, tus objetivos para alcanzar la audiencia, te ayudamos a crear un estrategia, identificar los canales clave y desarrollarla.<\/p>\n<p>Planificamos contigo el resultado de tu web o aplicaci\u00f3n web.<\/p>\n<\/div><\/section><br \/>\n<div  class='avia-button-wrap av-kkzlmmdp-74d4fd152c349b3ecf1396b9dacd2034-wrap avia-button-left  avia-builder-el-16  el_after_av_textblock  avia-builder-el-last'><a href='https:\/\/sl.ebavs.net\/es\/servicios\/estrategia-digital\/'  class='avia-button av-kkzlmmdp-74d4fd152c349b3ecf1396b9dacd2034 av-link-btn avia-icon_select-no avia-size-large avia-position-left avia-color-dark'   aria-label=\"Estrategia Digital\"><span class='avia_iconbox_title' >Estrategia Digital<\/span><\/a><\/div><\/p><\/div>\n<style type=\"text\/css\" data-created_by=\"avia_inline_auto\" id=\"style-css-av-o8ei-050b2ce3f4047cb90b4beeeb3a41cb21\">\n.flex_column.av-o8ei-050b2ce3f4047cb90b4beeeb3a41cb21{\nborder-radius:0px 0px 0px 0px;\npadding:0px 0px 0px 0px;\n}\n<\/style>\n<div  class='flex_column av-o8ei-050b2ce3f4047cb90b4beeeb3a41cb21 av_one_fourth  avia-builder-el-17  el_after_av_three_fourth  el_before_av_three_fourth  first flex_column_div av-animated-generic bottom-to-top av-zero-column-padding  column-top-margin'     ><\/div>\n<style type=\"text\/css\" data-created_by=\"avia_inline_auto\" id=\"style-css-av-o8ei-7cc85d6ba2679116c80e5b6ab9dfdf54\">\n.flex_column.av-o8ei-7cc85d6ba2679116c80e5b6ab9dfdf54{\nborder-radius:0px 0px 0px 0px;\npadding:0px 0px 0px 0px;\n}\n<\/style>\n<div  class='flex_column av-o8ei-7cc85d6ba2679116c80e5b6ab9dfdf54 av_three_fourth  avia-builder-el-18  el_after_av_one_fourth  el_before_av_one_fourth  flex_column_div av-animated-generic bottom-to-top av-zero-column-padding  column-top-margin'     ><section  class='av_textblock_section av-kkzlvue5-62865720b62990f9f5febb4d45281883'   itemscope=\"itemscope\" itemtype=\"https:\/\/schema.org\/CreativeWork\" ><div class='avia_textblock'  itemprop=\"text\" ><h2>UX<\/h2>\n<p>UX no es lo que se ve sino como funciona<\/p>\n<p>Dise\u00f1amos una gran experiencia para tus usuarios en la web.<\/p>\n<p>Ayudamos a las empresas a superar los desaf\u00edos.<\/p>\n<p>Tu producto puede ser complejo, pero la experiencia de usuario debe ser f\u00e1cil.<\/p>\n<\/div><\/section><br \/>\n<div  class='avia-button-wrap av-kkzlmmdp-d1eace11aea78ee2f73708b3dcc9b3e8-wrap avia-button-left  avia-builder-el-20  el_after_av_textblock  avia-builder-el-last'><a href='https:\/\/sl.ebavs.net\/services\/ux\/'  class='avia-button av-kkzlmmdp-d1eace11aea78ee2f73708b3dcc9b3e8 av-link-btn avia-icon_select-no avia-size-large avia-position-left avia-color-dark'   aria-label=\"UX\"><span class='avia_iconbox_title' >UX<\/span><\/a><\/div><\/p><\/div>\n<style type=\"text\/css\" data-created_by=\"avia_inline_auto\" id=\"style-css-av-o8ei-050b2ce3f4047cb90b4beeeb3a41cb21\">\n.flex_column.av-o8ei-050b2ce3f4047cb90b4beeeb3a41cb21{\nborder-radius:0px 0px 0px 0px;\npadding:0px 0px 0px 0px;\n}\n<\/style>\n<div  class='flex_column av-o8ei-050b2ce3f4047cb90b4beeeb3a41cb21 av_one_fourth  avia-builder-el-21  el_after_av_three_fourth  el_before_av_three_fourth  first flex_column_div av-animated-generic bottom-to-top av-zero-column-padding  column-top-margin'     ><\/div>\n<style type=\"text\/css\" data-created_by=\"avia_inline_auto\" id=\"style-css-av-o8ei-7cc85d6ba2679116c80e5b6ab9dfdf54\">\n.flex_column.av-o8ei-7cc85d6ba2679116c80e5b6ab9dfdf54{\nborder-radius:0px 0px 0px 0px;\npadding:0px 0px 0px 0px;\n}\n<\/style>\n<div  class='flex_column av-o8ei-7cc85d6ba2679116c80e5b6ab9dfdf54 av_three_fourth  avia-builder-el-22  el_after_av_one_fourth  el_before_av_one_fourth  flex_column_div av-animated-generic bottom-to-top av-zero-column-padding  column-top-margin'     ><section  class='av_textblock_section av-kkzm3zfk-9806a5aa42bd52307d218cf1dc846110'   itemscope=\"itemscope\" itemtype=\"https:\/\/schema.org\/CreativeWork\" ><div class='avia_textblock'  itemprop=\"text\" ><h3>SEO<\/h3>\n<p>Creamos tu estrategia SEO, revisando tu sitio web desde una Auditor\u00eda SEO hasta crear una Estrategia SEO.<\/p>\n<p>Rastreamos el sitio web y luego lo analizamos. Creamos planes de optimizaci\u00f3n para aplicar.<\/p>\n<p>Somos expertos en SEO OnPage: rastreabilidad, rendimiento del sitio, SEO internacional, indexabilidad, legibilidad, mejoras t\u00e9cnicas y de contenido en el sitio web.<\/p>\n<\/div><\/section><br \/>\n<div  class='avia-button-wrap av-kkzlmmdp-a8564402fa6a9d04c7d1fec460dfd3fb-wrap avia-button-left  avia-builder-el-24  el_after_av_textblock  avia-builder-el-last'><a href='https:\/\/sl.ebavs.net\/services\/seo\/'  class='avia-button av-kkzlmmdp-a8564402fa6a9d04c7d1fec460dfd3fb av-link-btn avia-icon_select-no avia-size-large avia-position-left avia-color-dark'   aria-label=\"SEO\"><span class='avia_iconbox_title' >SEO<\/span><\/a><\/div><\/p><\/div>\n<style type=\"text\/css\" data-created_by=\"avia_inline_auto\" id=\"style-css-av-o8ei-4793a745e7eae9007fe4460237387fc5\">\n.flex_column.av-o8ei-4793a745e7eae9007fe4460237387fc5{\nborder-radius:0px 0px 0px 0px;\npadding:0px 0px 0px 0px;\n}\n<\/style>\n<div  class='flex_column av-o8ei-4793a745e7eae9007fe4460237387fc5 av_one_fourth  avia-builder-el-25  el_after_av_three_fourth  el_before_av_three_fourth  first flex_column_div av-animated-generic fade-in av-zero-column-padding  column-top-margin'     ><\/div>\n<style type=\"text\/css\" data-created_by=\"avia_inline_auto\" id=\"style-css-av-o8ei-7cc85d6ba2679116c80e5b6ab9dfdf54\">\n.flex_column.av-o8ei-7cc85d6ba2679116c80e5b6ab9dfdf54{\nborder-radius:0px 0px 0px 0px;\npadding:0px 0px 0px 0px;\n}\n<\/style>\n<div  class='flex_column av-o8ei-7cc85d6ba2679116c80e5b6ab9dfdf54 av_three_fourth  avia-builder-el-26  el_after_av_one_fourth  el_before_av_one_fourth  flex_column_div av-animated-generic bottom-to-top av-zero-column-padding  column-top-margin'     ><section  class='av_textblock_section av-kkzlvue5-62865720b62990f9f5febb4d45281883'   itemscope=\"itemscope\" itemtype=\"https:\/\/schema.org\/CreativeWork\" ><div class='avia_textblock'  itemprop=\"text\" ><h2>Desarrollo WordPress<\/h2>\n<p>WordPress es el CMS m\u00e1s popular y m\u00e1s utilizado del mundo. Trabajamos con varios clientes y muchos de nuestros proyectos se realizan en WordPress.<\/p>\n<p>Somos expertos en lograr un buen rendimiento, optimizaci\u00f3n SEO, seguridad WordPress, desarrollo de plugins, creaci\u00f3n de temas o personalizaci\u00f3n de temas.<\/p>\n<\/div><\/section><br \/>\n<div  class='avia-button-wrap av-kkzlmmdp-28b342e72dc9e5022f7b8d74d8cc5949-wrap avia-button-left  avia-builder-el-28  el_after_av_textblock  avia-builder-el-last'><a href='https:\/\/sl.ebavs.net\/services\/wordpress-development\/'  class='avia-button av-kkzlmmdp-28b342e72dc9e5022f7b8d74d8cc5949 av-link-btn avia-icon_select-no avia-size-large avia-position-left avia-color-dark'   aria-label=\"WordPress\"><span class='avia_iconbox_title' >WordPress<\/span><\/a><\/div><\/p><\/div>\n<style type=\"text\/css\" data-created_by=\"avia_inline_auto\" id=\"style-css-av-o8ei-050b2ce3f4047cb90b4beeeb3a41cb21\">\n.flex_column.av-o8ei-050b2ce3f4047cb90b4beeeb3a41cb21{\nborder-radius:0px 0px 0px 0px;\npadding:0px 0px 0px 0px;\n}\n<\/style>\n<div  class='flex_column av-o8ei-050b2ce3f4047cb90b4beeeb3a41cb21 av_one_fourth  avia-builder-el-29  el_after_av_three_fourth  el_before_av_three_fourth  first flex_column_div av-animated-generic bottom-to-top av-zero-column-padding  column-top-margin'     ><\/div>\n<style type=\"text\/css\" data-created_by=\"avia_inline_auto\" id=\"style-css-av-o8ei-7cc85d6ba2679116c80e5b6ab9dfdf54\">\n.flex_column.av-o8ei-7cc85d6ba2679116c80e5b6ab9dfdf54{\nborder-radius:0px 0px 0px 0px;\npadding:0px 0px 0px 0px;\n}\n<\/style>\n<div  class='flex_column av-o8ei-7cc85d6ba2679116c80e5b6ab9dfdf54 av_three_fourth  avia-builder-el-30  el_after_av_one_fourth  avia-builder-el-last  flex_column_div av-animated-generic bottom-to-top av-zero-column-padding  column-top-margin'     ><section  class='av_textblock_section av-kkzm3zfk-9806a5aa42bd52307d218cf1dc846110'   itemscope=\"itemscope\" itemtype=\"https:\/\/schema.org\/CreativeWork\" ><div class='avia_textblock'  itemprop=\"text\" ><h2>Desarrollo PrestaShop<\/h2>\n<p>Si puedes so\u00f1ar con tu e-commerce, te ayudamos a construirlo.<br \/>\nConvertimos tus ideas en tiendas on-line con temas, m\u00f3dulos y extensiones en PrestaShop a medida.<\/p>\n<\/div><\/section><br \/>\n<div  class='avia-button-wrap av-kkzlmmdp-c8f16f14c67dc97f1c09de7695647b20-wrap avia-button-left  avia-builder-el-32  el_after_av_textblock  avia-builder-el-last'><a href='https:\/\/sl.ebavs.net\/services\/prestashop-development\/'  class='avia-button av-kkzlmmdp-c8f16f14c67dc97f1c09de7695647b20 av-link-btn avia-icon_select-no avia-size-large avia-position-left avia-color-dark'   aria-label=\"PrestaShop\"><span class='avia_iconbox_title' >PrestaShop<\/span><\/a><\/div><\/p><\/div>","protected":false},"excerpt":{"rendered":"","protected":false},"author":2,"featured_media":0,"parent":0,"menu_order":0,"comment_status":"closed","ping_status":"closed","template":"","meta":{"_exactmetrics_skip_tracking":false,"_exactmetrics_sitenote_active":false,"_exactmetrics_sitenote_note":"","_exactmetrics_sitenote_category":0,"footnotes":""},"class_list":["post-5380","page","type-page","status-publish","hentry"],"yoast_head":"<!-- This site is optimized with the Yoast SEO plugin v26.9 - https:\/\/yoast.com\/product\/yoast-seo-wordpress\/ -->\n<title>Servicios de nuestra agencia digital en Barcelona - EBAVS\/<\/title>\n<meta name=\"description\" content=\"Descubre nuestros servicios: WordPress Development, WordPress Themes Development, Digital Project Management, Estrategia, Consultancy UX, SEO.\" \/>\n<meta name=\"robots\" content=\"index, follow, max-snippet:-1, max-image-preview:large, max-video-preview:-1\" \/>\n<link rel=\"canonical\" href=\"https:\/\/sl.ebavs.net\/es\/servicios\/\" \/>\n<meta property=\"og:locale\" content=\"es_ES\" \/>\n<meta property=\"og:type\" content=\"article\" \/>\n<meta property=\"og:title\" content=\"Servicios de nuestra agencia digital en Barcelona - EBAVS\/\" \/>\n<meta property=\"og:description\" content=\"Descubre nuestros servicios: WordPress Development, WordPress Themes Development, Digital Project Management, Estrategia, Consultancy UX, SEO.\" \/>\n<meta property=\"og:url\" content=\"https:\/\/sl.ebavs.net\/es\/servicios\/\" \/>\n<meta property=\"og:site_name\" content=\"EBAVS\/\" \/>\n<meta property=\"article:modified_time\" content=\"2021-07-26T13:35:16+00:00\" \/>\n<meta name=\"twitter:card\" content=\"summary_large_image\" \/>\n<meta name=\"twitter:label1\" content=\"Tiempo de lectura\" \/>\n\t<meta name=\"twitter:data1\" content=\"17 minutos\" \/>\n<script type=\"application\/ld+json\" class=\"yoast-schema-graph\">{\"@context\":\"https:\/\/schema.org\",\"@graph\":[{\"@type\":\"WebPage\",\"@id\":\"https:\/\/sl.ebavs.net\/es\/servicios\/\",\"url\":\"https:\/\/sl.ebavs.net\/es\/servicios\/\",\"name\":\"Servicios de nuestra agencia digital en Barcelona - EBAVS\/\",\"isPartOf\":{\"@id\":\"https:\/\/sl.ebavs.net\/es\/#website\"},\"datePublished\":\"2016-08-09T11:15:45+00:00\",\"dateModified\":\"2021-07-26T13:35:16+00:00\",\"description\":\"Descubre nuestros servicios: WordPress Development, WordPress Themes Development, Digital Project Management, Estrategia, Consultancy UX, SEO.\",\"breadcrumb\":{\"@id\":\"https:\/\/sl.ebavs.net\/es\/servicios\/#breadcrumb\"},\"inLanguage\":\"es\",\"potentialAction\":[{\"@type\":\"ReadAction\",\"target\":[\"https:\/\/sl.ebavs.net\/es\/servicios\/\"]}]},{\"@type\":\"BreadcrumbList\",\"@id\":\"https:\/\/sl.ebavs.net\/es\/servicios\/#breadcrumb\",\"itemListElement\":[{\"@type\":\"ListItem\",\"position\":1,\"name\":\"Home\",\"item\":\"https:\/\/sl.ebavs.net\/es\/desarrollo-web-estrategia-digital\/\"},{\"@type\":\"ListItem\",\"position\":2,\"name\":\"servicios\"}]},{\"@type\":\"WebSite\",\"@id\":\"https:\/\/sl.ebavs.net\/es\/#website\",\"url\":\"https:\/\/sl.ebavs.net\/es\/\",\"name\":\"EBAVS\/\",\"description\":\"Freelance team based in Barcelona, experts on digitals projects. Digital project management and Digital web developers\",\"potentialAction\":[{\"@type\":\"SearchAction\",\"target\":{\"@type\":\"EntryPoint\",\"urlTemplate\":\"https:\/\/sl.ebavs.net\/es\/?s={search_term_string}\"},\"query-input\":{\"@type\":\"PropertyValueSpecification\",\"valueRequired\":true,\"valueName\":\"search_term_string\"}}],\"inLanguage\":\"es\"}]}<\/script>\n<!-- \/ Yoast SEO plugin. -->","yoast_head_json":{"title":"Servicios de nuestra agencia digital en Barcelona - EBAVS\/","description":"Descubre nuestros servicios: WordPress Development, WordPress Themes Development, Digital Project Management, Estrategia, Consultancy UX, SEO.","robots":{"index":"index","follow":"follow","max-snippet":"max-snippet:-1","max-image-preview":"max-image-preview:large","max-video-preview":"max-video-preview:-1"},"canonical":"https:\/\/sl.ebavs.net\/es\/servicios\/","og_locale":"es_ES","og_type":"article","og_title":"Servicios de nuestra agencia digital en Barcelona - EBAVS\/","og_description":"Descubre nuestros servicios: WordPress Development, WordPress Themes Development, Digital Project Management, Estrategia, Consultancy UX, SEO.","og_url":"https:\/\/sl.ebavs.net\/es\/servicios\/","og_site_name":"EBAVS\/","article_modified_time":"2021-07-26T13:35:16+00:00","twitter_card":"summary_large_image","twitter_misc":{"Tiempo de lectura":"17 minutos"},"schema":{"@context":"https:\/\/schema.org","@graph":[{"@type":"WebPage","@id":"https:\/\/sl.ebavs.net\/es\/servicios\/","url":"https:\/\/sl.ebavs.net\/es\/servicios\/","name":"Servicios de nuestra agencia digital en Barcelona - EBAVS\/","isPartOf":{"@id":"https:\/\/sl.ebavs.net\/es\/#website"},"datePublished":"2016-08-09T11:15:45+00:00","dateModified":"2021-07-26T13:35:16+00:00","description":"Descubre nuestros servicios: WordPress Development, WordPress Themes Development, Digital Project Management, Estrategia, Consultancy UX, SEO.","breadcrumb":{"@id":"https:\/\/sl.ebavs.net\/es\/servicios\/#breadcrumb"},"inLanguage":"es","potentialAction":[{"@type":"ReadAction","target":["https:\/\/sl.ebavs.net\/es\/servicios\/"]}]},{"@type":"BreadcrumbList","@id":"https:\/\/sl.ebavs.net\/es\/servicios\/#breadcrumb","itemListElement":[{"@type":"ListItem","position":1,"name":"Home","item":"https:\/\/sl.ebavs.net\/es\/desarrollo-web-estrategia-digital\/"},{"@type":"ListItem","position":2,"name":"servicios"}]},{"@type":"WebSite","@id":"https:\/\/sl.ebavs.net\/es\/#website","url":"https:\/\/sl.ebavs.net\/es\/","name":"EBAVS\/","description":"Freelance team based in Barcelona, experts on digitals projects. Digital project management and Digital web developers","potentialAction":[{"@type":"SearchAction","target":{"@type":"EntryPoint","urlTemplate":"https:\/\/sl.ebavs.net\/es\/?s={search_term_string}"},"query-input":{"@type":"PropertyValueSpecification","valueRequired":true,"valueName":"search_term_string"}}],"inLanguage":"es"}]}},"_links":{"self":[{"href":"https:\/\/sl.ebavs.net\/es\/wp-json\/wp\/v2\/pages\/5380","targetHints":{"allow":["GET"]}}],"collection":[{"href":"https:\/\/sl.ebavs.net\/es\/wp-json\/wp\/v2\/pages"}],"about":[{"href":"https:\/\/sl.ebavs.net\/es\/wp-json\/wp\/v2\/types\/page"}],"author":[{"embeddable":true,"href":"https:\/\/sl.ebavs.net\/es\/wp-json\/wp\/v2\/users\/2"}],"replies":[{"embeddable":true,"href":"https:\/\/sl.ebavs.net\/es\/wp-json\/wp\/v2\/comments?post=5380"}],"version-history":[{"count":12,"href":"https:\/\/sl.ebavs.net\/es\/wp-json\/wp\/v2\/pages\/5380\/revisions"}],"predecessor-version":[{"id":9137,"href":"https:\/\/sl.ebavs.net\/es\/wp-json\/wp\/v2\/pages\/5380\/revisions\/9137"}],"wp:attachment":[{"href":"https:\/\/sl.ebavs.net\/es\/wp-json\/wp\/v2\/media?parent=5380"}],"curies":[{"name":"wp","href":"https:\/\/api.w.org\/{rel}","templated":true}]}}