{"id":5384,"date":"2017-06-27T19:46:09","date_gmt":"2017-06-27T19:46:09","guid":{"rendered":"https:\/\/sl.ebavs.net\/?page_id=5384"},"modified":"2021-07-28T14:56:19","modified_gmt":"2021-07-28T14:56:19","slug":"equipo","status":"publish","type":"page","link":"https:\/\/sl.ebavs.net\/es\/equipo\/","title":{"rendered":"equipo"},"content":{"rendered":"<style type=\"text\/css\" data-created_by=\"avia_inline_auto\" id=\"style-css-av-kr4jdoua-76e9262fe43fe31948654a848e81fd7d\">\n#top .hr.hr-invisible.av-kr4jdoua-76e9262fe43fe31948654a848e81fd7d{\nheight:50px;\n}\n<\/style>\n<div  class='hr av-kr4jdoua-76e9262fe43fe31948654a848e81fd7d hr-invisible  avia-builder-el-0  el_before_av_heading  avia-builder-el-first'><span class='hr-inner'><span class=\"hr-inner-style\"><\/span><\/span><\/div>\n\n<style type=\"text\/css\" data-created_by=\"avia_inline_auto\" id=\"style-css-av-av_heading-d4a5dea461212ef8aea6b2e5c0fbd166\">\n#top .av-special-heading.av-av_heading-d4a5dea461212ef8aea6b2e5c0fbd166{\npadding-bottom:10px;\n}\nbody .av-special-heading.av-av_heading-d4a5dea461212ef8aea6b2e5c0fbd166 .av-special-heading-tag .heading-char{\nfont-size:25px;\n}\n.av-special-heading.av-av_heading-d4a5dea461212ef8aea6b2e5c0fbd166 .av-subheading{\nfont-size:18px;\n}\n<\/style>\n<div  class='av-special-heading av-av_heading-d4a5dea461212ef8aea6b2e5c0fbd166 av-special-heading-h1 blockquote modern-quote  avia-builder-el-1  el_after_av_hr  el_before_av_section  avia-builder-el-last'><h1 class='av-special-heading-tag'  itemprop=\"headline\"  >Equipo x EBAVS\/ <\/h1><div class=\"special-heading-border\"><div class=\"special-heading-inner-border\"><\/div><\/div><\/div>\n<\/div><\/div><\/div><!-- close content main div --><\/div><\/div><div id='av_section_1'  class='avia-section av-kmex84l3-0e0ab6555155db8a51fa6f9257e43a1c main_color avia-section-default avia-no-border-styling  avia-builder-el-2  el_after_av_heading  el_before_av_section  avia-bg-style-scroll container_wrap fullsize'  ><div class='container av-section-cont-open' ><div class='template-page content  av-content-full alpha units'><div class='post-entry post-entry-type-page post-entry-5384'><div class='entry-content-wrapper clearfix'>\n\n<style type=\"text\/css\" data-created_by=\"avia_inline_auto\" id=\"style-css-av-o8ei-34e6afcaa0bc0a72c2a17197da87b3e3\">\n.flex_column.av-o8ei-34e6afcaa0bc0a72c2a17197da87b3e3{\nborder-radius:0px 0px 0px 0px;\npadding:0px 0px 0px 0px;\n}\n<\/style>\n<div  class='flex_column av-o8ei-34e6afcaa0bc0a72c2a17197da87b3e3 av_one_fourth  avia-builder-el-3  el_before_av_three_fourth  avia-builder-el-first  first flex_column_div av-animated-generic fade-in av-hide-on-mobile av-zero-column-padding'     ><\/div>\n<style type=\"text\/css\" data-created_by=\"avia_inline_auto\" id=\"style-css-av-o8ei-7cc85d6ba2679116c80e5b6ab9dfdf54\">\n.flex_column.av-o8ei-7cc85d6ba2679116c80e5b6ab9dfdf54{\nborder-radius:0px 0px 0px 0px;\npadding:0px 0px 0px 0px;\n}\n<\/style>\n<div  class='flex_column av-o8ei-7cc85d6ba2679116c80e5b6ab9dfdf54 av_three_fourth  avia-builder-el-4  el_after_av_one_fourth  avia-builder-el-last  flex_column_div av-animated-generic bottom-to-top av-zero-column-padding'     ><section  class='av_textblock_section av-3c831g-dafce399b54a4688a6a8b59c1c5bcca9'   itemscope=\"itemscope\" itemtype=\"https:\/\/schema.org\/CreativeWork\" ><div class='avia_textblock'  itemprop=\"text\" ><h2>Lo que empez\u00f3 como dos freelances en Barcelona.<\/h2>\n<\/div><\/section><br \/>\n<section  class='av_textblock_section av-35zw9-646296c5826f21fa6f75c816587306d5'   itemscope=\"itemscope\" itemtype=\"https:\/\/schema.org\/CreativeWork\" ><div class='avia_textblock'  itemprop=\"text\" ><p>Cre\u00edamos en una forma de trabajar diferente, \u200b\u200bhaciendo lo que nos gusta: crear y construir experiencias digitales.<\/p>\n<p>Y lo hemos conseguido. Creamos EBAVS\/.<\/p>\n<p>Si necesitas etiquetarnos: aqu\u00ed puedes descubrir a los c\u00f3mplices.<\/p>\n<p>Somos m\u00e1s de dos; de hecho,\u00a0 podemos ser m\u00e1s (o menos), seg\u00fan el proyecto. Nuestro equipo se expande y contrae para adaptarse a las necesidades del proyecto y lograr el equilibrio perfecto entre agilidad, eficiencia y experiencia.<\/p>\n<\/div><\/section><\/p><\/div>\n\n<\/div><\/div><\/div><!-- close content main div --><\/div><\/div>\n<style type=\"text\/css\" data-created_by=\"avia_inline_auto\" id=\"style-css-av-kmex84l3-cf81dc93bc95aab3aaf1a387ab771257\">\n.avia-section.av-kmex84l3-cf81dc93bc95aab3aaf1a387ab771257 .av-parallax .av-parallax-inner{\nbackground-repeat:no-repeat;\nbackground-image:url(https:\/\/sl.ebavs.net\/wp-content\/webp-express\/webp-images\/doc-root\/wp-content\/uploads\/2021\/07\/ebavs-team.png.webp);\nbackground-position:0% 0%;\nbackground-attachment:scroll;\n}\n<\/style>\n<div id='av_section_2'  class='avia-section av-kmex84l3-cf81dc93bc95aab3aaf1a387ab771257 main_color avia-section-huge avia-no-border-styling  avia-builder-el-7  el_after_av_section  el_before_av_section  av-parallax-section avia-bg-style-parallax av-minimum-height av-minimum-height-25 av-height-25  container_wrap fullsize'  data-section-bg-repeat='no-repeat' data-av_minimum_height_pc='25' data-av_min_height_opt='25'><div class='av-parallax' data-avia-parallax-ratio='0.3' ><div class='av-parallax-inner main_color avia-full-stretch'><\/div><\/div><div class='container av-section-cont-open' ><div class='template-page content  av-content-full alpha units'><div class='post-entry post-entry-type-page post-entry-5384'><div class='entry-content-wrapper clearfix'>\n<\/div><\/div><\/div><!-- close content main div --><\/div><\/div>\n<style type=\"text\/css\" data-created_by=\"avia_inline_auto\" id=\"style-css-av-kmex84l3-aa5f7d98a0049e9e51de6198b4359aeb\">\n.avia-section.av-kmex84l3-aa5f7d98a0049e9e51de6198b4359aeb{\nbackground-color:#f78b4f;\nbackground-image:unset;\n}\n<\/style>\n<div id='av_section_3'  class='avia-section av-kmex84l3-aa5f7d98a0049e9e51de6198b4359aeb main_color avia-section-default avia-no-border-styling  avia-builder-el-8  el_after_av_section  el_before_av_section  avia-bg-style-scroll av-minimum-height av-minimum-height-custom av-height-custom  container_wrap fullsize'   data-av_minimum_height_px='600'><div class='container av-section-cont-open' style='height:600px'><div class='template-page content  av-content-full alpha units'><div class='post-entry post-entry-type-page post-entry-5384'><div class='entry-content-wrapper clearfix'>\n\n<style type=\"text\/css\" data-created_by=\"avia_inline_auto\" id=\"style-css-av-o8ei-4793a745e7eae9007fe4460237387fc5\">\n.flex_column.av-o8ei-4793a745e7eae9007fe4460237387fc5{\nborder-radius:0px 0px 0px 0px;\npadding:0px 0px 0px 0px;\n}\n<\/style>\n<div  class='flex_column av-o8ei-4793a745e7eae9007fe4460237387fc5 av_one_fourth  avia-builder-el-9  el_before_av_three_fourth  avia-builder-el-first  first flex_column_div av-animated-generic fade-in av-zero-column-padding'     ><\/div>\n<style type=\"text\/css\" data-created_by=\"avia_inline_auto\" id=\"style-css-av-o8ei-7cc85d6ba2679116c80e5b6ab9dfdf54\">\n.flex_column.av-o8ei-7cc85d6ba2679116c80e5b6ab9dfdf54{\nborder-radius:0px 0px 0px 0px;\npadding:0px 0px 0px 0px;\n}\n<\/style>\n<div  class='flex_column av-o8ei-7cc85d6ba2679116c80e5b6ab9dfdf54 av_three_fourth  avia-builder-el-10  el_after_av_one_fourth  avia-builder-el-last  flex_column_div av-animated-generic bottom-to-top av-zero-column-padding'     ><p><section  class='av_textblock_section av-qfqzvv-ded5c0ac0d11517928159463b3111d3f'   itemscope=\"itemscope\" itemtype=\"https:\/\/schema.org\/CreativeWork\" ><div class='avia_textblock'  itemprop=\"text\" ><p>\u00bfUna peque\u00f1a agencia digital?\u00a0 \u00bfDesarrollo web? \u00bfEquipo? \u00bfT\u00e1ndem? \u00bfV\u00edctor y B\u00e1rbara? Barbara y Victor?<\/p>\n<p>Es dif\u00edcil definir y describir todo lo que hacemos. Pero nos dimos cuenta de que hacemos muchas cosas, somos 4&#215;4, capaces de hacer que un peque\u00f1o c\u00f3digo en tu sitio funcione mejor, dise\u00f1ar un p\u00f3ster, administrar una cuenta digital, construir un plan digital, crear un plan de redes sociales, refactorizar tu c\u00f3digo o personalizar WordPress.<\/p>\n<p>Trabajamos con empresas independientes, peque\u00f1as, medianas y grandes, as\u00ed como con agencias de publicidad y comunicaci\u00f3n. Contamos con colaboradores desde community managers, directores de arte, videoartistas, ilustradores que trabajan con nosotros.<\/p>\n<p>Intentamos hacer felices a nuestros clientes, logrando que sus objetivos sean nuestros tambi\u00e9n.<\/p>\n<\/div><\/section><br \/>\n<section  class='av_textblock_section av-qfqzvv-ded5c0ac0d11517928159463b3111d3f'   itemscope=\"itemscope\" itemtype=\"https:\/\/schema.org\/CreativeWork\" ><div class='avia_textblock'  itemprop=\"text\" ><p>Creemos en las buenas ideas, la flexibilidad y la precisi\u00f3n.<br \/>\nPensamos estrat\u00e9gicamente, actuamos t\u00e1cticamente y resolvemos problemas r\u00e1pidamente.<br \/>\nSomos flexibles y adaptables.<br \/>\nSomos expertos en proyectos digitales porque amamos lo que hacemos y lo hacemos con pasi\u00f3n.<\/p>\n<\/div><\/section><br \/>\n<div  class='avia-button-wrap av-kkzlmmdp-e16f6fa2a396edeb4c7a5c43e2e29450-wrap avia-button-left  avia-builder-el-13  el_after_av_textblock  el_before_av_button'><a href='https:\/\/sl.ebavs.net\/es\/equipo\/freelance-full-stack-desarrollador-web\/'  class='avia-button av-kkzlmmdp-e16f6fa2a396edeb4c7a5c43e2e29450 av-link-btn avia-icon_select-no avia-size-large avia-position-left avia-color-dark'   aria-label=\"Desarrollador web\"><span class='avia_iconbox_title' >Desarrollador web<\/span><\/a><\/div><br \/>\n<div  class='avia-button-wrap av-kkzlmmdp-9d266e3396e9ae624d7ed5e44addff65-wrap avia-button-left  avia-builder-el-14  el_after_av_button  avia-builder-el-last'><a href='https:\/\/sl.ebavs.net\/es\/equipo\/freelance-digital-strategist-project-manager\/'  class='avia-button av-kkzlmmdp-9d266e3396e9ae624d7ed5e44addff65 av-link-btn avia-icon_select-no avia-size-large avia-position-left avia-color-dark'   aria-label=\"Digital Strategist\"><span class='avia_iconbox_title' >Digital Strategist<\/span><\/a><\/div><\/p><\/div><\/div><\/div><\/div><!-- close content main div --><\/div><\/div><div id='av_section_4'  class='avia-section av-kmex84l3-ddb218fcdfb0fc30dc7f1fb2113d42cc main_color avia-section-no-padding avia-no-border-styling  avia-builder-el-15  el_after_av_section  avia-builder-el-last  avia-bg-style-scroll av-minimum-height av-minimum-height-custom av-height-custom  container_wrap fullsize'   data-av_minimum_height_px='300'><div class='container av-section-cont-open' style='height:300px'><div class='template-page content  av-content-full alpha units'><div class='post-entry post-entry-type-page post-entry-5384'><div class='entry-content-wrapper clearfix'>\n\n<style type=\"text\/css\" data-created_by=\"avia_inline_auto\" id=\"style-css-av-kr62h7uo-b347fbda5b0f01c652d3bdbfb62508cc\">\n#top .av-special-heading.av-kr62h7uo-b347fbda5b0f01c652d3bdbfb62508cc{\npadding-bottom:10px;\n}\nbody .av-special-heading.av-kr62h7uo-b347fbda5b0f01c652d3bdbfb62508cc .av-special-heading-tag .heading-char{\nfont-size:25px;\n}\n.av-special-heading.av-kr62h7uo-b347fbda5b0f01c652d3bdbfb62508cc .av-subheading{\nfont-size:15px;\n}\n<\/style>\n<div  class='av-special-heading av-kr62h7uo-b347fbda5b0f01c652d3bdbfb62508cc av-special-heading-h2 blockquote modern-quote  avia-builder-el-16  avia-builder-el-no-sibling  typewriter-effect'><h2 class='av-special-heading-tag'  itemprop=\"headline\"  >Pensamos estrat\u00e9gicamente, programamos t\u00e1cticamente. <\/h2><div class=\"special-heading-border\"><div class=\"special-heading-inner-border\"><\/div><\/div><\/div>\n<\/p>","protected":false},"excerpt":{"rendered":"","protected":false},"author":2,"featured_media":0,"parent":0,"menu_order":0,"comment_status":"closed","ping_status":"closed","template":"","meta":{"_exactmetrics_skip_tracking":false,"_exactmetrics_sitenote_active":false,"_exactmetrics_sitenote_note":"","_exactmetrics_sitenote_category":0,"footnotes":""},"class_list":["post-5384","page","type-page","status-publish","hentry"],"yoast_head":"<!-- This site is optimized with the Yoast SEO plugin v26.9 - https:\/\/yoast.com\/product\/yoast-seo-wordpress\/ -->\n<title>Equipo: Desarrollador Full Stack + Digital Project Manager - EBAVS\/<\/title>\n<meta name=\"description\" content=\"Somos V\u00edctor y B\u00e1rbara: Full Stack Developer + Digital Project Manager, Digital Strategist, expertos en desarrollo web, consultor\u00eda UX y SEO.\" \/>\n<meta name=\"robots\" content=\"index, follow, max-snippet:-1, max-image-preview:large, max-video-preview:-1\" \/>\n<link rel=\"canonical\" href=\"https:\/\/sl.ebavs.net\/es\/equipo\/\" \/>\n<meta property=\"og:locale\" content=\"es_ES\" \/>\n<meta property=\"og:type\" content=\"article\" \/>\n<meta property=\"og:title\" content=\"Equipo: Desarrollador Full Stack + Digital Project Manager - EBAVS\/\" \/>\n<meta property=\"og:description\" content=\"Somos V\u00edctor y B\u00e1rbara: Full Stack Developer + Digital Project Manager, Digital Strategist, expertos en desarrollo web, consultor\u00eda UX y SEO.\" \/>\n<meta property=\"og:url\" content=\"https:\/\/sl.ebavs.net\/es\/equipo\/\" \/>\n<meta property=\"og:site_name\" content=\"EBAVS\/\" \/>\n<meta property=\"article:modified_time\" content=\"2021-07-28T14:56:19+00:00\" \/>\n<meta name=\"twitter:card\" content=\"summary_large_image\" \/>\n<meta name=\"twitter:label1\" content=\"Tiempo de lectura\" \/>\n\t<meta name=\"twitter:data1\" content=\"4 minutos\" \/>\n<script type=\"application\/ld+json\" class=\"yoast-schema-graph\">{\"@context\":\"https:\/\/schema.org\",\"@graph\":[{\"@type\":\"WebPage\",\"@id\":\"https:\/\/sl.ebavs.net\/es\/equipo\/\",\"url\":\"https:\/\/sl.ebavs.net\/es\/equipo\/\",\"name\":\"Equipo: Desarrollador Full Stack + Digital Project Manager - EBAVS\/\",\"isPartOf\":{\"@id\":\"https:\/\/sl.ebavs.net\/es\/#website\"},\"datePublished\":\"2017-06-27T19:46:09+00:00\",\"dateModified\":\"2021-07-28T14:56:19+00:00\",\"description\":\"Somos V\u00edctor y B\u00e1rbara: Full Stack Developer + Digital Project Manager, Digital Strategist, expertos en desarrollo web, consultor\u00eda UX y SEO.\",\"breadcrumb\":{\"@id\":\"https:\/\/sl.ebavs.net\/es\/equipo\/#breadcrumb\"},\"inLanguage\":\"es\",\"potentialAction\":[{\"@type\":\"ReadAction\",\"target\":[\"https:\/\/sl.ebavs.net\/es\/equipo\/\"]}]},{\"@type\":\"BreadcrumbList\",\"@id\":\"https:\/\/sl.ebavs.net\/es\/equipo\/#breadcrumb\",\"itemListElement\":[{\"@type\":\"ListItem\",\"position\":1,\"name\":\"Home\",\"item\":\"https:\/\/sl.ebavs.net\/es\/desarrollo-web-estrategia-digital\/\"},{\"@type\":\"ListItem\",\"position\":2,\"name\":\"equipo\"}]},{\"@type\":\"WebSite\",\"@id\":\"https:\/\/sl.ebavs.net\/es\/#website\",\"url\":\"https:\/\/sl.ebavs.net\/es\/\",\"name\":\"EBAVS\/\",\"description\":\"Freelance team based in Barcelona, experts on digitals projects. Digital project management and Digital web developers\",\"potentialAction\":[{\"@type\":\"SearchAction\",\"target\":{\"@type\":\"EntryPoint\",\"urlTemplate\":\"https:\/\/sl.ebavs.net\/es\/?s={search_term_string}\"},\"query-input\":{\"@type\":\"PropertyValueSpecification\",\"valueRequired\":true,\"valueName\":\"search_term_string\"}}],\"inLanguage\":\"es\"}]}<\/script>\n<!-- \/ Yoast SEO plugin. -->","yoast_head_json":{"title":"Equipo: Desarrollador Full Stack + Digital Project Manager - EBAVS\/","description":"Somos V\u00edctor y B\u00e1rbara: Full Stack Developer + Digital Project Manager, Digital Strategist, expertos en desarrollo web, consultor\u00eda UX y SEO.","robots":{"index":"index","follow":"follow","max-snippet":"max-snippet:-1","max-image-preview":"max-image-preview:large","max-video-preview":"max-video-preview:-1"},"canonical":"https:\/\/sl.ebavs.net\/es\/equipo\/","og_locale":"es_ES","og_type":"article","og_title":"Equipo: Desarrollador Full Stack + Digital Project Manager - EBAVS\/","og_description":"Somos V\u00edctor y B\u00e1rbara: Full Stack Developer + Digital Project Manager, Digital Strategist, expertos en desarrollo web, consultor\u00eda UX y SEO.","og_url":"https:\/\/sl.ebavs.net\/es\/equipo\/","og_site_name":"EBAVS\/","article_modified_time":"2021-07-28T14:56:19+00:00","twitter_card":"summary_large_image","twitter_misc":{"Tiempo de lectura":"4 minutos"},"schema":{"@context":"https:\/\/schema.org","@graph":[{"@type":"WebPage","@id":"https:\/\/sl.ebavs.net\/es\/equipo\/","url":"https:\/\/sl.ebavs.net\/es\/equipo\/","name":"Equipo: Desarrollador Full Stack + Digital Project Manager - EBAVS\/","isPartOf":{"@id":"https:\/\/sl.ebavs.net\/es\/#website"},"datePublished":"2017-06-27T19:46:09+00:00","dateModified":"2021-07-28T14:56:19+00:00","description":"Somos V\u00edctor y B\u00e1rbara: Full Stack Developer + Digital Project Manager, Digital Strategist, expertos en desarrollo web, consultor\u00eda UX y SEO.","breadcrumb":{"@id":"https:\/\/sl.ebavs.net\/es\/equipo\/#breadcrumb"},"inLanguage":"es","potentialAction":[{"@type":"ReadAction","target":["https:\/\/sl.ebavs.net\/es\/equipo\/"]}]},{"@type":"BreadcrumbList","@id":"https:\/\/sl.ebavs.net\/es\/equipo\/#breadcrumb","itemListElement":[{"@type":"ListItem","position":1,"name":"Home","item":"https:\/\/sl.ebavs.net\/es\/desarrollo-web-estrategia-digital\/"},{"@type":"ListItem","position":2,"name":"equipo"}]},{"@type":"WebSite","@id":"https:\/\/sl.ebavs.net\/es\/#website","url":"https:\/\/sl.ebavs.net\/es\/","name":"EBAVS\/","description":"Freelance team based in Barcelona, experts on digitals projects. Digital project management and Digital web developers","potentialAction":[{"@type":"SearchAction","target":{"@type":"EntryPoint","urlTemplate":"https:\/\/sl.ebavs.net\/es\/?s={search_term_string}"},"query-input":{"@type":"PropertyValueSpecification","valueRequired":true,"valueName":"search_term_string"}}],"inLanguage":"es"}]}},"_links":{"self":[{"href":"https:\/\/sl.ebavs.net\/es\/wp-json\/wp\/v2\/pages\/5384","targetHints":{"allow":["GET"]}}],"collection":[{"href":"https:\/\/sl.ebavs.net\/es\/wp-json\/wp\/v2\/pages"}],"about":[{"href":"https:\/\/sl.ebavs.net\/es\/wp-json\/wp\/v2\/types\/page"}],"author":[{"embeddable":true,"href":"https:\/\/sl.ebavs.net\/es\/wp-json\/wp\/v2\/users\/2"}],"replies":[{"embeddable":true,"href":"https:\/\/sl.ebavs.net\/es\/wp-json\/wp\/v2\/comments?post=5384"}],"version-history":[{"count":18,"href":"https:\/\/sl.ebavs.net\/es\/wp-json\/wp\/v2\/pages\/5384\/revisions"}],"predecessor-version":[{"id":9190,"href":"https:\/\/sl.ebavs.net\/es\/wp-json\/wp\/v2\/pages\/5384\/revisions\/9190"}],"wp:attachment":[{"href":"https:\/\/sl.ebavs.net\/es\/wp-json\/wp\/v2\/media?parent=5384"}],"curies":[{"name":"wp","href":"https:\/\/api.w.org\/{rel}","templated":true}]}}