{"id":8538,"date":"2021-03-18T14:20:45","date_gmt":"2021-03-18T14:20:45","guid":{"rendered":"https:\/\/sl.ebavs.net\/servicios\/digital-strategy\/"},"modified":"2021-07-28T15:00:49","modified_gmt":"2021-07-28T15:00:49","slug":"estrategia-digital","status":"publish","type":"page","link":"https:\/\/sl.ebavs.net\/es\/servicios\/estrategia-digital\/","title":{"rendered":"Estrategia Digital"},"content":{"rendered":"<section  class='av_textblock_section av-kpfkla8j-220b5d8f392edaa28a538a6a0aa1442c'   itemscope=\"itemscope\" itemtype=\"https:\/\/schema.org\/CreativeWork\" ><div class='avia_textblock'  itemprop=\"text\" ><p><a href=\"https:\/\/sl.ebavs.net\/es\/servicios\/\">Servicios<\/a> \/ Estrategia Digital<\/p>\n<\/div><\/section>\n\n<style type=\"text\/css\" data-created_by=\"avia_inline_auto\" id=\"style-css-av-av_heading-0e154a00df90a3dde01d77fd0af35e64\">\n#top .av-special-heading.av-av_heading-0e154a00df90a3dde01d77fd0af35e64{\npadding-bottom:10px;\n}\nbody .av-special-heading.av-av_heading-0e154a00df90a3dde01d77fd0af35e64 .av-special-heading-tag .heading-char{\nfont-size:25px;\n}\n.av-special-heading.av-av_heading-0e154a00df90a3dde01d77fd0af35e64 .av-subheading{\nfont-size:18px;\n}\n<\/style>\n<div  class='av-special-heading av-av_heading-0e154a00df90a3dde01d77fd0af35e64 av-special-heading-h1 blockquote modern-quote  avia-builder-el-1  el_after_av_textblock  el_before_av_section  avia-builder-el-last'><h1 class='av-special-heading-tag'  itemprop=\"headline\"  >Estrategia Digital x EBAVS\/<\/h1><div class=\"special-heading-border\"><div class=\"special-heading-inner-border\"><\/div><\/div><\/div>\n<\/div><\/div><\/div><!-- close content main div --><\/div><\/div><div id='av_section_1'  class='avia-section av-kmex84l3-0e0ab6555155db8a51fa6f9257e43a1c main_color avia-section-default avia-no-border-styling  avia-builder-el-2  el_after_av_heading  el_before_av_section  avia-bg-style-scroll container_wrap fullsize'  ><div class='container av-section-cont-open' ><div class='template-page content  av-content-full alpha units'><div class='post-entry post-entry-type-page post-entry-8538'><div class='entry-content-wrapper clearfix'>\n\n<style type=\"text\/css\" data-created_by=\"avia_inline_auto\" id=\"style-css-av-o8ei-34e6afcaa0bc0a72c2a17197da87b3e3\">\n.flex_column.av-o8ei-34e6afcaa0bc0a72c2a17197da87b3e3{\nborder-radius:0px 0px 0px 0px;\npadding:0px 0px 0px 0px;\n}\n<\/style>\n<div  class='flex_column av-o8ei-34e6afcaa0bc0a72c2a17197da87b3e3 av_one_fourth  avia-builder-el-3  el_before_av_three_fourth  avia-builder-el-first  first flex_column_div av-animated-generic fade-in av-hide-on-mobile av-zero-column-padding'     ><\/div>\n<style type=\"text\/css\" data-created_by=\"avia_inline_auto\" id=\"style-css-av-o8ei-7cc85d6ba2679116c80e5b6ab9dfdf54\">\n.flex_column.av-o8ei-7cc85d6ba2679116c80e5b6ab9dfdf54{\nborder-radius:0px 0px 0px 0px;\npadding:0px 0px 0px 0px;\n}\n<\/style>\n<div  class='flex_column av-o8ei-7cc85d6ba2679116c80e5b6ab9dfdf54 av_three_fourth  avia-builder-el-4  el_after_av_one_fourth  avia-builder-el-last  flex_column_div av-animated-generic bottom-to-top av-zero-column-padding'     ><section  class='av_textblock_section av-3c831g-dafce399b54a4688a6a8b59c1c5bcca9'   itemscope=\"itemscope\" itemtype=\"https:\/\/schema.org\/CreativeWork\" ><div class='avia_textblock'  itemprop=\"text\" ><h2>Somos expertos en Estrategia Digital.<\/h2>\n<\/div><\/section><br \/>\n<section  class='av_textblock_section av-3c831g-dafce399b54a4688a6a8b59c1c5bcca9'   itemscope=\"itemscope\" itemtype=\"https:\/\/schema.org\/CreativeWork\" ><div class='avia_textblock'  itemprop=\"text\" ><p>Te ayudamos a definir el por qu\u00e9, la historia de la marca, los objetivos para alcanzar la audiencia. Creamos un roadmap digital, identificamos los canales clave y desarrollamos una estrategia.<\/p>\n<p>Trabajamos en dos fases: Auditor\u00eda y Definici\u00f3n.<\/p>\n<\/div><\/section><\/p><\/div>\n\n<\/div><\/div><\/div><!-- close content main div --><\/div><\/div>\n<style type=\"text\/css\" data-created_by=\"avia_inline_auto\" id=\"style-css-av-kmex84l3-4efafc85a375b0fb5d70657b2a60af85\">\n.avia-section.av-kmex84l3-4efafc85a375b0fb5d70657b2a60af85 .av-parallax .av-parallax-inner{\nbackground-repeat:no-repeat;\nbackground-image:url(https:\/\/sl.ebavs.net\/wp-content\/webp-express\/webp-images\/doc-root\/wp-content\/uploads\/2021\/07\/ebavs-digital-strategy.png.webp);\nbackground-position:0% 0%;\nbackground-attachment:scroll;\n}\n<\/style>\n<div id='av_section_2'  class='avia-section av-kmex84l3-4efafc85a375b0fb5d70657b2a60af85 main_color avia-section-huge avia-no-border-styling  avia-builder-el-7  el_after_av_section  el_before_av_section  av-parallax-section avia-bg-style-parallax av-minimum-height av-minimum-height-25 av-height-25  container_wrap fullsize'  data-section-bg-repeat='no-repeat' data-av_minimum_height_pc='25' data-av_min_height_opt='25'><div class='av-parallax' data-avia-parallax-ratio='0.3' ><div class='av-parallax-inner main_color avia-full-stretch'><\/div><\/div><div class='container av-section-cont-open' ><div class='template-page content  av-content-full alpha units'><div class='post-entry post-entry-type-page post-entry-8538'><div class='entry-content-wrapper clearfix'>\n<\/div><\/div><\/div><!-- close content main div --><\/div><\/div>\n<style type=\"text\/css\" data-created_by=\"avia_inline_auto\" id=\"style-css-av-kmex84l3-c1e60f3e0e15d8e6639afc1812500616\">\n.avia-section.av-kmex84l3-c1e60f3e0e15d8e6639afc1812500616{\nbackground-color:#4c5de8;\nbackground-image:unset;\n}\n.avia-section.av-kmex84l3-c1e60f3e0e15d8e6639afc1812500616 .av-extra-border-element .av-extra-border-inner{\nbackground-color:#4c5de8;\n}\n<\/style>\n<div id='av_section_3'  class='avia-section av-kmex84l3-c1e60f3e0e15d8e6639afc1812500616 main_color avia-section-default avia-no-border-styling  avia-builder-el-8  el_after_av_section  el_before_av_heading  avia-bg-style-scroll container_wrap fullsize'  ><div class='container av-section-cont-open' ><div class='template-page content  av-content-full alpha units'><div class='post-entry post-entry-type-page post-entry-8538'><div class='entry-content-wrapper clearfix'>\n\n<style type=\"text\/css\" data-created_by=\"avia_inline_auto\" id=\"style-css-av-1hxgm-1ac8ff8ca762230a8272f77533d6bf9e\">\n.flex_column.av-1hxgm-1ac8ff8ca762230a8272f77533d6bf9e{\nborder-radius:0px 0px 0px 0px;\npadding:0px 0px 0px 0px;\n}\n<\/style>\n<div  class='flex_column av-1hxgm-1ac8ff8ca762230a8272f77533d6bf9e av_one_fourth  avia-builder-el-9  el_before_av_three_fourth  avia-builder-el-first  first flex_column_div av-animated-generic fade-in av-zero-column-padding'     ><section  class='av_textblock_section av-3c831g-dafce399b54a4688a6a8b59c1c5bcca9'   itemscope=\"itemscope\" itemtype=\"https:\/\/schema.org\/CreativeWork\" ><div class='avia_textblock'  itemprop=\"text\" ><h2>Auditor\u00eda.<\/h2>\n<p>El primer paso de una estrategia digital.<\/p>\n<\/div><\/section><\/div>\n<style type=\"text\/css\" data-created_by=\"avia_inline_auto\" id=\"style-css-av-o8ei-7cc85d6ba2679116c80e5b6ab9dfdf54\">\n.flex_column.av-o8ei-7cc85d6ba2679116c80e5b6ab9dfdf54{\nborder-radius:0px 0px 0px 0px;\npadding:0px 0px 0px 0px;\n}\n<\/style>\n<div  class='flex_column av-o8ei-7cc85d6ba2679116c80e5b6ab9dfdf54 av_three_fourth  avia-builder-el-11  el_after_av_one_fourth  el_before_av_one_fourth  flex_column_div av-animated-generic bottom-to-top av-zero-column-padding'     ><section  class='av_textblock_section av-3c831g-dafce399b54a4688a6a8b59c1c5bcca9'   itemscope=\"itemscope\" itemtype=\"https:\/\/schema.org\/CreativeWork\" ><div class='avia_textblock'  itemprop=\"text\" ><p>Empezamos con un an\u00e1lisis del proyecto, esta auditor\u00eda se enfoca en revisar los datos anal\u00edticamente, revisando herramientas como Google Analytics, SC, m\u00e9tricas y datos.<\/p>\n<p>Establecemos con esta revisi\u00f3n qu\u00e9 contenido se visita, qu\u00e9 tipo de usuario, audiencia actual, tipo de visitas, volumen y calidad de tr\u00e1fico y tipo de tr\u00e1fico.<\/p>\n<p>Nos cuestionamos: \u00bfQu\u00e9 ofrece la web? \u00bfQu\u00e9 busca el usuario? \u00bfCu\u00e1les son los objetivos de la web? \u00bfA qu\u00e9 palabras clave llegaron los usuarios?<\/p>\n<p>Desde la investigaci\u00f3n de palabras clave, hasta definir c\u00f3mo nos buscan las personas.<\/p>\n<p>Competidores: buscamos la competencia online y an\u00e1lisis de lo que hacen, para poder definir mejor la estrategia.<\/p>\n<p>Revisamos a nivel SEO OnPage y OffPage: revisi\u00f3n t\u00e9cnica del sitio y puntos a mejorar.<\/p>\n<p>Analizamos redes sociales, mailings, Link Building, SEM.<\/p>\n<p>Creamos un DAFO y extraemos conclusiones.<\/p>\n<p>Una vez finalizada la fase 1 y compartida con el cliente, empezamos con la definici\u00f3n de la estrategia digital.<\/p>\n<\/div><\/section><\/div>\n<style type=\"text\/css\" data-created_by=\"avia_inline_auto\" id=\"style-css-av-1hxgm-1ac8ff8ca762230a8272f77533d6bf9e\">\n.flex_column.av-1hxgm-1ac8ff8ca762230a8272f77533d6bf9e{\nborder-radius:0px 0px 0px 0px;\npadding:0px 0px 0px 0px;\n}\n<\/style>\n<div  class='flex_column av-1hxgm-1ac8ff8ca762230a8272f77533d6bf9e av_one_fourth  avia-builder-el-13  el_after_av_three_fourth  el_before_av_three_fourth  first flex_column_div av-animated-generic fade-in av-zero-column-padding  column-top-margin'     ><section  class='av_textblock_section av-3c831g-dafce399b54a4688a6a8b59c1c5bcca9'   itemscope=\"itemscope\" itemtype=\"https:\/\/schema.org\/CreativeWork\" ><div class='avia_textblock'  itemprop=\"text\" ><h2>Definici\u00f3n<\/h2>\n<p>Tu hoja de ruta.<\/p>\n<\/div><\/section><\/div>\n<style type=\"text\/css\" data-created_by=\"avia_inline_auto\" id=\"style-css-av-o8ei-7cc85d6ba2679116c80e5b6ab9dfdf54\">\n.flex_column.av-o8ei-7cc85d6ba2679116c80e5b6ab9dfdf54{\nborder-radius:0px 0px 0px 0px;\npadding:0px 0px 0px 0px;\n}\n<\/style>\n<div  class='flex_column av-o8ei-7cc85d6ba2679116c80e5b6ab9dfdf54 av_three_fourth  avia-builder-el-15  el_after_av_one_fourth  avia-builder-el-last  flex_column_div av-animated-generic bottom-to-top av-zero-column-padding  column-top-margin'     ><section  class='av_textblock_section av-3c831g-dafce399b54a4688a6a8b59c1c5bcca9'   itemscope=\"itemscope\" itemtype=\"https:\/\/schema.org\/CreativeWork\" ><div class='avia_textblock'  itemprop=\"text\" ><p>Creamos una hoja de ruta con una buena definici\u00f3n de:<\/p>\n<ul>\n<li>Definici\u00f3n de targets digitales<\/li>\n<li>Establecimiento de ecosistema y canales digitales a trabajar.<\/li>\n<li>Estrategia SEO: Audit OnPage, contenidos: palabras clave para trabajar seg\u00fan an\u00e1lisis y benchmark previos.<\/li>\n<li>Estrategia Off-Page: RRSS, Linkbuilding, etc..<\/li>\n<li>Planificaci\u00f3n de aplicaci\u00f3n de estrategia.<\/li>\n<li>Medici\u00f3n: KPIs, los objetivos digitales, a alcanzar y a medir y monitorear mediante cuadros de mando.<\/li>\n<\/ul>\n<\/div><\/section><\/div><\/div><\/div><\/div><!-- close content main div --><\/div><div class='av-extra-border-element border-extra-diagonal'><div class='av-extra-border-outer'><div class='av-extra-border-inner'><\/div><\/div><\/div><\/div><div id='after_section_3'  class='main_color av_default_container_wrap container_wrap fullsize'  ><div class='container av-section-cont-open' ><div class='template-page content  av-content-full alpha units'><div class='post-entry post-entry-type-page post-entry-8538'><div class='entry-content-wrapper clearfix'>\n<style type=\"text\/css\" data-created_by=\"avia_inline_auto\" id=\"style-css-av-av_heading-3dd09de585e5adb68afaaa6641fbd4a1\">\n#top .av-special-heading.av-av_heading-3dd09de585e5adb68afaaa6641fbd4a1{\nmargin:40px 0 0 0;\npadding-bottom:10px;\n}\nbody .av-special-heading.av-av_heading-3dd09de585e5adb68afaaa6641fbd4a1 .av-special-heading-tag .heading-char{\nfont-size:25px;\n}\n.av-special-heading.av-av_heading-3dd09de585e5adb68afaaa6641fbd4a1 .av-subheading{\nfont-size:18px;\n}\n<\/style>\n<div  class='av-special-heading av-av_heading-3dd09de585e5adb68afaaa6641fbd4a1 av-special-heading-h2 blockquote modern-quote  avia-builder-el-17  el_after_av_section  el_before_av_masonry_entries  avia-builder-el-no-sibling  typewriter-effect'><h2 class='av-special-heading-tag'  itemprop=\"headline\"  >Casos de estudio x Estrategia Digital<\/h2><div class=\"special-heading-border\"><div class=\"special-heading-inner-border\"><\/div><\/div><\/div><\/p>\n<div id='av-masonry-1' class='av-masonry av-x48t-f32f5bd51219f1e3fff9306c40c1b3a9 noHover av-fixed-size av-no-gap av-hover-overlay- av-masonry-animation-active av-masonry-col-2 av-caption-on-hover av-caption-style-overlay av-masonry-entries av-medium-columns-overwrite av-medium-columns-1 av-small-columns-overwrite av-small-columns-1 av-mini-columns-overwrite av-mini-columns-1' data-post_id=\"8538\"><div class=\"av-masonry-container isotope av-js-disabled\"><div class='av-masonry-entry isotope-item av-masonry-item-no-image'><\/div><a href=\"https:\/\/sl.ebavs.net\/es\/proyectos\/copywriter-collective\/\"  id='av-masonry-1-item-8677' data-av-masonry-item='8677' class='av-masonry-entry isotope-item post-8677 portfolio type-portfolio status-publish has-post-thumbnail hentry portfolio_entries-desarrollo-web portfolio_entries-estrategia-digital portfolio_entries-project-management-es portfolio_entries-front-end-es portfolio_entries-seo-es portfolio_entries-ux-es portfolio_entries-wordpress-es  av-masonry-item-with-image' title=\"ebavs-copywriter-mobile\"   itemscope=\"itemscope\" itemtype=\"https:\/\/schema.org\/CreativeWork\" ><div class='av-inner-masonry-sizer'><\/div><figure class='av-inner-masonry main_color'><div class=\"av-masonry-outerimage-container\"><div class='av-masonry-image-container' style=\"background-image: url(https:\/\/sl.ebavs.net\/wp-content\/webp-express\/webp-images\/doc-root\/wp-content\/uploads\/2021\/07\/ebavs-copywriter-mobile-705x497.jpg.webp);\"  title=\"ebavs-copywriter-mobile\" ><\/div><\/div><figcaption class='av-inner-masonry-content site-background'><div class='av-inner-masonry-content-pos'><div class='av-inner-masonry-content-pos-content'><div class='avia-arrow'><\/div><h3 class='av-masonry-entry-title entry-title'  itemprop=\"headline\" >Copywriter Collective<\/h3><div class='av-masonry-entry-content entry-content'  itemprop=\"text\" >Estrategia Digital, SEO, UX, Desarrollo WordPress<\/div><\/div><\/div><\/figcaption><\/figure><\/a><!--end av-masonry entry--><a href=\"https:\/\/sl.ebavs.net\/es\/proyectos\/aldi\/\"  id='av-masonry-1-item-8684' data-av-masonry-item='8684' class='av-masonry-entry isotope-item post-8684 portfolio type-portfolio status-publish has-post-thumbnail hentry portfolio_entries-estrategia-digital portfolio_entries-ux-es  av-masonry-item-with-image' title=\"ebavs-aldi\"   itemscope=\"itemscope\" itemtype=\"https:\/\/schema.org\/CreativeWork\" ><div class='av-inner-masonry-sizer'><\/div><figure class='av-inner-masonry main_color'><div class=\"av-masonry-outerimage-container\"><div class='av-masonry-image-container' style=\"background-image: url(https:\/\/sl.ebavs.net\/wp-content\/webp-express\/webp-images\/doc-root\/wp-content\/uploads\/2021\/07\/ebavs-aldi.png.webp);\"  title=\"ebavs-aldi\" ><\/div><\/div><figcaption class='av-inner-masonry-content site-background'><div class='av-inner-masonry-content-pos'><div class='av-inner-masonry-content-pos-content'><div class='avia-arrow'><\/div><h3 class='av-masonry-entry-title entry-title'  itemprop=\"headline\" >Aldi<\/h3><div class='av-masonry-entry-content entry-content'  itemprop=\"text\" >Estrategia Digital, SEO<\/div><\/div><\/div><\/figcaption><\/figure><\/a><!--end av-masonry entry--><a href=\"https:\/\/sl.ebavs.net\/es\/proyectos\/confio\/\"  id='av-masonry-1-item-8728' data-av-masonry-item='8728' class='av-masonry-entry isotope-item post-8728 portfolio type-portfolio status-publish has-post-thumbnail hentry portfolio_entries-estrategia-digital portfolio_entries-project-management-es portfolio_entries-seo-es portfolio_entries-ux-es  av-masonry-item-with-image' title=\"ebavs-confio\"   itemscope=\"itemscope\" itemtype=\"https:\/\/schema.org\/CreativeWork\" ><div class='av-inner-masonry-sizer'><\/div><figure class='av-inner-masonry main_color'><div class=\"av-masonry-outerimage-container\"><div class='av-masonry-image-container' style=\"background-image: url(https:\/\/sl.ebavs.net\/wp-content\/webp-express\/webp-images\/doc-root\/wp-content\/uploads\/2017\/10\/ebavs-confio.png.webp);\"  title=\"ebavs-confio\" ><\/div><\/div><figcaption class='av-inner-masonry-content site-background'><div class='av-inner-masonry-content-pos'><div class='av-inner-masonry-content-pos-content'><div class='avia-arrow'><\/div><h3 class='av-masonry-entry-title entry-title'  itemprop=\"headline\" >Confio<\/h3><div class='av-masonry-entry-content entry-content'  itemprop=\"text\" >Estrategia Digital, Digital project management, SEO, UX<\/div><\/div><\/div><\/figcaption><\/figure><\/a><!--end av-masonry entry--><\/div><\/div>","protected":false},"excerpt":{"rendered":"","protected":false},"author":2,"featured_media":0,"parent":5380,"menu_order":0,"comment_status":"closed","ping_status":"closed","template":"","meta":{"_exactmetrics_skip_tracking":false,"_exactmetrics_sitenote_active":false,"_exactmetrics_sitenote_note":"","_exactmetrics_sitenote_category":0,"footnotes":""},"class_list":["post-8538","page","type-page","status-publish","hentry"],"yoast_head":"<!-- This site is optimized with the Yoast SEO plugin v26.9 - https:\/\/yoast.com\/product\/yoast-seo-wordpress\/ -->\n<title>Estrategia Digital: Desarrolla tu estrategia digital - EBAVS\/<\/title>\n<meta name=\"description\" content=\"Descubre nuestros servicios de Estrategia digital: auditor\u00eda y definici\u00f3n digital. Contr\u00e1tanos para lograr tus objetivos.\" \/>\n<meta name=\"robots\" content=\"index, follow, max-snippet:-1, max-image-preview:large, max-video-preview:-1\" \/>\n<link rel=\"canonical\" href=\"https:\/\/sl.ebavs.net\/es\/servicios\/estrategia-digital\/\" \/>\n<meta property=\"og:locale\" content=\"es_ES\" \/>\n<meta property=\"og:type\" content=\"article\" \/>\n<meta property=\"og:title\" content=\"Estrategia Digital: Desarrolla tu estrategia digital - EBAVS\/\" \/>\n<meta property=\"og:description\" content=\"Descubre nuestros servicios de Estrategia digital: auditor\u00eda y definici\u00f3n digital. Contr\u00e1tanos para lograr tus objetivos.\" \/>\n<meta property=\"og:url\" content=\"https:\/\/sl.ebavs.net\/es\/servicios\/estrategia-digital\/\" \/>\n<meta property=\"og:site_name\" content=\"EBAVS\/\" \/>\n<meta property=\"article:modified_time\" content=\"2021-07-28T15:00:49+00:00\" \/>\n<meta name=\"twitter:card\" content=\"summary_large_image\" \/>\n<meta name=\"twitter:label1\" content=\"Tiempo de lectura\" \/>\n\t<meta name=\"twitter:data1\" content=\"4 minutos\" \/>\n<script type=\"application\/ld+json\" class=\"yoast-schema-graph\">{\"@context\":\"https:\/\/schema.org\",\"@graph\":[{\"@type\":\"WebPage\",\"@id\":\"https:\/\/sl.ebavs.net\/es\/servicios\/estrategia-digital\/\",\"url\":\"https:\/\/sl.ebavs.net\/es\/servicios\/estrategia-digital\/\",\"name\":\"Estrategia Digital: Desarrolla tu estrategia digital - EBAVS\/\",\"isPartOf\":{\"@id\":\"https:\/\/sl.ebavs.net\/es\/#website\"},\"datePublished\":\"2021-03-18T14:20:45+00:00\",\"dateModified\":\"2021-07-28T15:00:49+00:00\",\"description\":\"Descubre nuestros servicios de Estrategia digital: auditor\u00eda y definici\u00f3n digital. Contr\u00e1tanos para lograr tus objetivos.\",\"breadcrumb\":{\"@id\":\"https:\/\/sl.ebavs.net\/es\/servicios\/estrategia-digital\/#breadcrumb\"},\"inLanguage\":\"es\",\"potentialAction\":[{\"@type\":\"ReadAction\",\"target\":[\"https:\/\/sl.ebavs.net\/es\/servicios\/estrategia-digital\/\"]}]},{\"@type\":\"BreadcrumbList\",\"@id\":\"https:\/\/sl.ebavs.net\/es\/servicios\/estrategia-digital\/#breadcrumb\",\"itemListElement\":[{\"@type\":\"ListItem\",\"position\":1,\"name\":\"Home\",\"item\":\"https:\/\/sl.ebavs.net\/es\/desarrollo-web-estrategia-digital\/\"},{\"@type\":\"ListItem\",\"position\":2,\"name\":\"servicios\",\"item\":\"https:\/\/sl.ebavs.net\/es\/services\/\"},{\"@type\":\"ListItem\",\"position\":3,\"name\":\"Estrategia Digital\"}]},{\"@type\":\"WebSite\",\"@id\":\"https:\/\/sl.ebavs.net\/es\/#website\",\"url\":\"https:\/\/sl.ebavs.net\/es\/\",\"name\":\"EBAVS\/\",\"description\":\"Freelance team based in Barcelona, experts on digitals projects. Digital project management and Digital web developers\",\"potentialAction\":[{\"@type\":\"SearchAction\",\"target\":{\"@type\":\"EntryPoint\",\"urlTemplate\":\"https:\/\/sl.ebavs.net\/es\/?s={search_term_string}\"},\"query-input\":{\"@type\":\"PropertyValueSpecification\",\"valueRequired\":true,\"valueName\":\"search_term_string\"}}],\"inLanguage\":\"es\"}]}<\/script>\n<!-- \/ Yoast SEO plugin. -->","yoast_head_json":{"title":"Estrategia Digital: Desarrolla tu estrategia digital - EBAVS\/","description":"Descubre nuestros servicios de Estrategia digital: auditor\u00eda y definici\u00f3n digital. Contr\u00e1tanos para lograr tus objetivos.","robots":{"index":"index","follow":"follow","max-snippet":"max-snippet:-1","max-image-preview":"max-image-preview:large","max-video-preview":"max-video-preview:-1"},"canonical":"https:\/\/sl.ebavs.net\/es\/servicios\/estrategia-digital\/","og_locale":"es_ES","og_type":"article","og_title":"Estrategia Digital: Desarrolla tu estrategia digital - EBAVS\/","og_description":"Descubre nuestros servicios de Estrategia digital: auditor\u00eda y definici\u00f3n digital. Contr\u00e1tanos para lograr tus objetivos.","og_url":"https:\/\/sl.ebavs.net\/es\/servicios\/estrategia-digital\/","og_site_name":"EBAVS\/","article_modified_time":"2021-07-28T15:00:49+00:00","twitter_card":"summary_large_image","twitter_misc":{"Tiempo de lectura":"4 minutos"},"schema":{"@context":"https:\/\/schema.org","@graph":[{"@type":"WebPage","@id":"https:\/\/sl.ebavs.net\/es\/servicios\/estrategia-digital\/","url":"https:\/\/sl.ebavs.net\/es\/servicios\/estrategia-digital\/","name":"Estrategia Digital: Desarrolla tu estrategia digital - EBAVS\/","isPartOf":{"@id":"https:\/\/sl.ebavs.net\/es\/#website"},"datePublished":"2021-03-18T14:20:45+00:00","dateModified":"2021-07-28T15:00:49+00:00","description":"Descubre nuestros servicios de Estrategia digital: auditor\u00eda y definici\u00f3n digital. Contr\u00e1tanos para lograr tus objetivos.","breadcrumb":{"@id":"https:\/\/sl.ebavs.net\/es\/servicios\/estrategia-digital\/#breadcrumb"},"inLanguage":"es","potentialAction":[{"@type":"ReadAction","target":["https:\/\/sl.ebavs.net\/es\/servicios\/estrategia-digital\/"]}]},{"@type":"BreadcrumbList","@id":"https:\/\/sl.ebavs.net\/es\/servicios\/estrategia-digital\/#breadcrumb","itemListElement":[{"@type":"ListItem","position":1,"name":"Home","item":"https:\/\/sl.ebavs.net\/es\/desarrollo-web-estrategia-digital\/"},{"@type":"ListItem","position":2,"name":"servicios","item":"https:\/\/sl.ebavs.net\/es\/services\/"},{"@type":"ListItem","position":3,"name":"Estrategia Digital"}]},{"@type":"WebSite","@id":"https:\/\/sl.ebavs.net\/es\/#website","url":"https:\/\/sl.ebavs.net\/es\/","name":"EBAVS\/","description":"Freelance team based in Barcelona, experts on digitals projects. Digital project management and Digital web developers","potentialAction":[{"@type":"SearchAction","target":{"@type":"EntryPoint","urlTemplate":"https:\/\/sl.ebavs.net\/es\/?s={search_term_string}"},"query-input":{"@type":"PropertyValueSpecification","valueRequired":true,"valueName":"search_term_string"}}],"inLanguage":"es"}]}},"_links":{"self":[{"href":"https:\/\/sl.ebavs.net\/es\/wp-json\/wp\/v2\/pages\/8538","targetHints":{"allow":["GET"]}}],"collection":[{"href":"https:\/\/sl.ebavs.net\/es\/wp-json\/wp\/v2\/pages"}],"about":[{"href":"https:\/\/sl.ebavs.net\/es\/wp-json\/wp\/v2\/types\/page"}],"author":[{"embeddable":true,"href":"https:\/\/sl.ebavs.net\/es\/wp-json\/wp\/v2\/users\/2"}],"replies":[{"embeddable":true,"href":"https:\/\/sl.ebavs.net\/es\/wp-json\/wp\/v2\/comments?post=8538"}],"version-history":[{"count":10,"href":"https:\/\/sl.ebavs.net\/es\/wp-json\/wp\/v2\/pages\/8538\/revisions"}],"predecessor-version":[{"id":9196,"href":"https:\/\/sl.ebavs.net\/es\/wp-json\/wp\/v2\/pages\/8538\/revisions\/9196"}],"up":[{"embeddable":true,"href":"https:\/\/sl.ebavs.net\/es\/wp-json\/wp\/v2\/pages\/5380"}],"wp:attachment":[{"href":"https:\/\/sl.ebavs.net\/es\/wp-json\/wp\/v2\/media?parent=8538"}],"curies":[{"name":"wp","href":"https:\/\/api.w.org\/{rel}","templated":true}]}}