{"id":8591,"date":"2021-07-16T08:06:06","date_gmt":"2021-07-16T08:06:06","guid":{"rendered":"https:\/\/sl.ebavs.net\/?page_id=8591"},"modified":"2021-07-20T15:28:18","modified_gmt":"2021-07-20T15:28:18","slug":"wordpress-desarrollo","status":"publish","type":"page","link":"https:\/\/sl.ebavs.net\/es\/servicios\/wordpress-desarrollo\/","title":{"rendered":"WordPress Desarrollo"},"content":{"rendered":"<section  class='av_textblock_section av-kpfkla8j-220b5d8f392edaa28a538a6a0aa1442c'   itemscope=\"itemscope\" itemtype=\"https:\/\/schema.org\/CreativeWork\" ><div class='avia_textblock'  itemprop=\"text\" ><p><a href=\"https:\/\/sl.ebavs.net\/es\/servicios\/\">Servicios<\/a> \/ WordPress Desarrollo<\/p>\n<\/div><\/section>\n\n<style type=\"text\/css\" data-created_by=\"avia_inline_auto\" id=\"style-css-av-av_heading-f04fceb423ac8471ae7e5c6ace5f1323\">\n#top .av-special-heading.av-av_heading-f04fceb423ac8471ae7e5c6ace5f1323{\npadding-bottom:10px;\n}\nbody .av-special-heading.av-av_heading-f04fceb423ac8471ae7e5c6ace5f1323 .av-special-heading-tag .heading-char{\nfont-size:25px;\n}\n.av-special-heading.av-av_heading-f04fceb423ac8471ae7e5c6ace5f1323 .av-subheading{\nfont-size:18px;\n}\n<\/style>\n<div  class='av-special-heading av-av_heading-f04fceb423ac8471ae7e5c6ace5f1323 av-special-heading-h1 blockquote modern-quote  avia-builder-el-1  el_after_av_textblock  el_before_av_section  avia-builder-el-last'><h1 class='av-special-heading-tag'  itemprop=\"headline\"  >WordPress Desarrollo x EBAVS\/<\/h1><div class=\"special-heading-border\"><div class=\"special-heading-inner-border\"><\/div><\/div><\/div>\n<\/div><\/div><\/div><!-- close content main div --><\/div><\/div><div id='av_section_1'  class='avia-section av-kmex84l3-0e0ab6555155db8a51fa6f9257e43a1c main_color avia-section-default avia-no-border-styling  avia-builder-el-2  el_after_av_heading  el_before_av_section  avia-bg-style-scroll container_wrap fullsize'  ><div class='container av-section-cont-open' ><div class='template-page content  av-content-full alpha units'><div class='post-entry post-entry-type-page post-entry-8591'><div class='entry-content-wrapper clearfix'>\n\n<style type=\"text\/css\" data-created_by=\"avia_inline_auto\" id=\"style-css-av-o8ei-34e6afcaa0bc0a72c2a17197da87b3e3\">\n.flex_column.av-o8ei-34e6afcaa0bc0a72c2a17197da87b3e3{\nborder-radius:0px 0px 0px 0px;\npadding:0px 0px 0px 0px;\n}\n<\/style>\n<div  class='flex_column av-o8ei-34e6afcaa0bc0a72c2a17197da87b3e3 av_one_fourth  avia-builder-el-3  el_before_av_three_fourth  avia-builder-el-first  first flex_column_div av-animated-generic fade-in av-hide-on-mobile av-zero-column-padding'     ><\/div>\n<style type=\"text\/css\" data-created_by=\"avia_inline_auto\" id=\"style-css-av-o8ei-7cc85d6ba2679116c80e5b6ab9dfdf54\">\n.flex_column.av-o8ei-7cc85d6ba2679116c80e5b6ab9dfdf54{\nborder-radius:0px 0px 0px 0px;\npadding:0px 0px 0px 0px;\n}\n<\/style>\n<div  class='flex_column av-o8ei-7cc85d6ba2679116c80e5b6ab9dfdf54 av_three_fourth  avia-builder-el-4  el_after_av_one_fourth  avia-builder-el-last  flex_column_div av-animated-generic bottom-to-top av-zero-column-padding'     ><section  class='av_textblock_section av-3c831g-dafce399b54a4688a6a8b59c1c5bcca9'   itemscope=\"itemscope\" itemtype=\"https:\/\/schema.org\/CreativeWork\" ><div class='avia_textblock'  itemprop=\"text\" ><h2>Somos expertos en desarrollo web WordPress.<\/h2>\n<\/div><\/section><br \/>\n<section  class='av_textblock_section av-3c831g-dafce399b54a4688a6a8b59c1c5bcca9'   itemscope=\"itemscope\" itemtype=\"https:\/\/schema.org\/CreativeWork\" ><div class='avia_textblock'  itemprop=\"text\" ><p>WordPress es el CMS (sistema de gesti\u00f3n de contenido) m\u00e1s popular y m\u00e1s utilizado del mundo. Lo utilizamos con muchos clientes y muchos de nuestros proyectos se realizan en WordPress.<\/p>\n<p>Lograr una buena optimizaci\u00f3n de <a href=\"https:\/\/sl.ebavs.net\/es\/servicios\/seo\/\">SEO<\/a> en WordPress es uno de nuestros negocios principales.<\/p>\n<\/div><\/section><\/p><\/div><\/div><\/div><\/div><!-- close content main div --><\/div><\/div>\n<style type=\"text\/css\" data-created_by=\"avia_inline_auto\" id=\"style-css-av-kmex84l3-84a25eacdd701d0c5ac357fdd473676a\">\n.avia-section.av-kmex84l3-84a25eacdd701d0c5ac357fdd473676a .av-parallax .av-parallax-inner{\nbackground-repeat:no-repeat;\nbackground-image:url(https:\/\/sl.ebavs.net\/wp-content\/webp-express\/webp-images\/doc-root\/wp-content\/uploads\/2021\/07\/ebavs-wordpress.png.webp);\nbackground-position:0% 0%;\nbackground-attachment:scroll;\n}\n<\/style>\n<div id='av_section_2'  class='avia-section av-kmex84l3-84a25eacdd701d0c5ac357fdd473676a main_color avia-section-huge avia-no-border-styling  avia-builder-el-7  el_after_av_section  el_before_av_section  av-parallax-section avia-bg-style-parallax av-minimum-height av-minimum-height-25 av-height-25  container_wrap fullsize'  data-section-bg-repeat='no-repeat' data-av_minimum_height_pc='25' data-av_min_height_opt='25'><div class='av-parallax' data-avia-parallax-ratio='0.3' ><div class='av-parallax-inner main_color avia-full-stretch'><\/div><\/div><div class='container av-section-cont-open' ><div class='template-page content  av-content-full alpha units'><div class='post-entry post-entry-type-page post-entry-8591'><div class='entry-content-wrapper clearfix'><\/p>\n<\/div><\/div><\/div><!-- close content main div --><\/div><\/div>\n<style type=\"text\/css\" data-created_by=\"avia_inline_auto\" id=\"style-css-av-kmex84l3-c1e60f3e0e15d8e6639afc1812500616\">\n.avia-section.av-kmex84l3-c1e60f3e0e15d8e6639afc1812500616{\nbackground-color:#4c5de8;\nbackground-image:unset;\n}\n.avia-section.av-kmex84l3-c1e60f3e0e15d8e6639afc1812500616 .av-extra-border-element .av-extra-border-inner{\nbackground-color:#4c5de8;\n}\n<\/style>\n<div id='av_section_3'  class='avia-section av-kmex84l3-c1e60f3e0e15d8e6639afc1812500616 main_color avia-section-default avia-no-border-styling  avia-builder-el-8  el_after_av_section  el_before_av_heading  avia-bg-style-scroll container_wrap fullsize'  ><div class='container av-section-cont-open' ><div class='template-page content  av-content-full alpha units'><div class='post-entry post-entry-type-page post-entry-8591'><div class='entry-content-wrapper clearfix'>\n\n<style type=\"text\/css\" data-created_by=\"avia_inline_auto\" id=\"style-css-av-1hxgm-1ac8ff8ca762230a8272f77533d6bf9e\">\n.flex_column.av-1hxgm-1ac8ff8ca762230a8272f77533d6bf9e{\nborder-radius:0px 0px 0px 0px;\npadding:0px 0px 0px 0px;\n}\n<\/style>\n<div  class='flex_column av-1hxgm-1ac8ff8ca762230a8272f77533d6bf9e av_one_fourth  avia-builder-el-9  el_before_av_three_fourth  avia-builder-el-first  first flex_column_div av-animated-generic fade-in av-zero-column-padding'     ><section  class='av_textblock_section av-3c831g-dafce399b54a4688a6a8b59c1c5bcca9'   itemscope=\"itemscope\" itemtype=\"https:\/\/schema.org\/CreativeWork\" ><div class='avia_textblock'  itemprop=\"text\" ><h2>Plantilla de WordPress<\/h2>\n<\/div><\/section><\/div>\n<style type=\"text\/css\" data-created_by=\"avia_inline_auto\" id=\"style-css-av-o8ei-7cc85d6ba2679116c80e5b6ab9dfdf54\">\n.flex_column.av-o8ei-7cc85d6ba2679116c80e5b6ab9dfdf54{\nborder-radius:0px 0px 0px 0px;\npadding:0px 0px 0px 0px;\n}\n<\/style>\n<div  class='flex_column av-o8ei-7cc85d6ba2679116c80e5b6ab9dfdf54 av_three_fourth  avia-builder-el-11  el_after_av_one_fourth  el_before_av_one_fourth  flex_column_div av-animated-generic bottom-to-top av-zero-column-padding'     ><section  class='av_textblock_section av-3c831g-dafce399b54a4688a6a8b59c1c5bcca9'   itemscope=\"itemscope\" itemtype=\"https:\/\/schema.org\/CreativeWork\" ><div class='avia_textblock'  itemprop=\"text\" ><p>El objetivo de una plantilla de WordPress es simple: desarrollar sites bonitos, usables, responsives de forma r\u00e1pida y \u00e1gil con WordPress.<\/p>\n<p>En EBAVS\/ podemos crear una plantilla completamente nueva o trabajamos con plantillas ya predefinidas. Nos sentimos c\u00f3modos trabajando con cualquier plantilla. Somos expertos en el desarrollo de plantillas a medida de WordPress.<\/p>\n<\/div><\/section><\/div>\n<style type=\"text\/css\" data-created_by=\"avia_inline_auto\" id=\"style-css-av-1hxgm-1ac8ff8ca762230a8272f77533d6bf9e\">\n.flex_column.av-1hxgm-1ac8ff8ca762230a8272f77533d6bf9e{\nborder-radius:0px 0px 0px 0px;\npadding:0px 0px 0px 0px;\n}\n<\/style>\n<div  class='flex_column av-1hxgm-1ac8ff8ca762230a8272f77533d6bf9e av_one_fourth  avia-builder-el-13  el_after_av_three_fourth  el_before_av_three_fourth  first flex_column_div av-animated-generic fade-in av-zero-column-padding  column-top-margin'     ><section  class='av_textblock_section av-3c831g-dafce399b54a4688a6a8b59c1c5bcca9'   itemscope=\"itemscope\" itemtype=\"https:\/\/schema.org\/CreativeWork\" ><div class='avia_textblock'  itemprop=\"text\" ><h2>Customizaci\u00f3n WordPress<\/h2>\n<\/div><\/section><\/div>\n<style type=\"text\/css\" data-created_by=\"avia_inline_auto\" id=\"style-css-av-o8ei-7cc85d6ba2679116c80e5b6ab9dfdf54\">\n.flex_column.av-o8ei-7cc85d6ba2679116c80e5b6ab9dfdf54{\nborder-radius:0px 0px 0px 0px;\npadding:0px 0px 0px 0px;\n}\n<\/style>\n<div  class='flex_column av-o8ei-7cc85d6ba2679116c80e5b6ab9dfdf54 av_three_fourth  avia-builder-el-15  el_after_av_one_fourth  el_before_av_one_fourth  flex_column_div av-animated-generic bottom-to-top av-zero-column-padding  column-top-margin'     ><section  class='av_textblock_section av-3c831g-dafce399b54a4688a6a8b59c1c5bcca9'   itemscope=\"itemscope\" itemtype=\"https:\/\/schema.org\/CreativeWork\" ><div class='avia_textblock'  itemprop=\"text\" ><p>Creamos, arreglamos y personalizamos WordPress. Somos expertos en dar una soluci\u00f3n personalizada para nuestros clientes ya sea con la creaci\u00f3n de un plugin, el desarrollo de una plantilla o desarrollos avanzados como migraci\u00f3n, integraci\u00f3n con terceros y desarrollo de APIS.<\/p>\n<\/div><\/section><\/div>\n<style type=\"text\/css\" data-created_by=\"avia_inline_auto\" id=\"style-css-av-1hxgm-ff0f66e565d2e7b2f58cbbf62a5a108a\">\n.flex_column.av-1hxgm-ff0f66e565d2e7b2f58cbbf62a5a108a{\nborder-radius:0px 0px 0px 0px;\npadding:0px 0px 0px 0px;\n}\n<\/style>\n<div  class='flex_column av-1hxgm-ff0f66e565d2e7b2f58cbbf62a5a108a av_one_fourth  avia-builder-el-17  el_after_av_three_fourth  el_before_av_three_fourth  first flex_column_div av-zero-column-padding  column-top-margin'     ><section  class='av_textblock_section av-3c831g-dafce399b54a4688a6a8b59c1c5bcca9'   itemscope=\"itemscope\" itemtype=\"https:\/\/schema.org\/CreativeWork\" ><div class='avia_textblock'  itemprop=\"text\" ><h2>Seguridad WordPress<\/h2>\n<\/div><\/section><\/div>\n<style type=\"text\/css\" data-created_by=\"avia_inline_auto\" id=\"style-css-av-o8ei-3caa489a40a0d9b28d31ae44faee898b\">\n.flex_column.av-o8ei-3caa489a40a0d9b28d31ae44faee898b{\nborder-radius:0px 0px 0px 0px;\npadding:0px 0px 0px 0px;\n}\n<\/style>\n<div  class='flex_column av-o8ei-3caa489a40a0d9b28d31ae44faee898b av_three_fourth  avia-builder-el-19  el_after_av_one_fourth  el_before_av_one_fourth  flex_column_div av-zero-column-padding  column-top-margin'     ><section  class='av_textblock_section av-3c831g-dafce399b54a4688a6a8b59c1c5bcca9'   itemscope=\"itemscope\" itemtype=\"https:\/\/schema.org\/CreativeWork\" ><div class='avia_textblock'  itemprop=\"text\" ><p>WordPress es conocido por su usabilidad y facilidad de acceso, sin embargo, su popularidad tambi\u00e9n lo convierte en un objetivo para hackers.<\/p>\n<p>La seguridad de WordPress se trata de la reducci\u00f3n de riesgos, no de la eliminaci\u00f3n de riesgos.<\/p>\n<\/div><\/section><\/div>\n<style type=\"text\/css\" data-created_by=\"avia_inline_auto\" id=\"style-css-av-1hxgm-ff0f66e565d2e7b2f58cbbf62a5a108a\">\n.flex_column.av-1hxgm-ff0f66e565d2e7b2f58cbbf62a5a108a{\nborder-radius:0px 0px 0px 0px;\npadding:0px 0px 0px 0px;\n}\n<\/style>\n<div  class='flex_column av-1hxgm-ff0f66e565d2e7b2f58cbbf62a5a108a av_one_fourth  avia-builder-el-21  el_after_av_three_fourth  el_before_av_three_fourth  first flex_column_div av-zero-column-padding  column-top-margin'     ><section  class='av_textblock_section av-3c831g-dafce399b54a4688a6a8b59c1c5bcca9'   itemscope=\"itemscope\" itemtype=\"https:\/\/schema.org\/CreativeWork\" ><div class='avia_textblock'  itemprop=\"text\" ><h2>WordPress SEO<\/h2>\n<\/div><\/section><\/div>\n<style type=\"text\/css\" data-created_by=\"avia_inline_auto\" id=\"style-css-av-o8ei-3caa489a40a0d9b28d31ae44faee898b\">\n.flex_column.av-o8ei-3caa489a40a0d9b28d31ae44faee898b{\nborder-radius:0px 0px 0px 0px;\npadding:0px 0px 0px 0px;\n}\n<\/style>\n<div  class='flex_column av-o8ei-3caa489a40a0d9b28d31ae44faee898b av_three_fourth  avia-builder-el-23  el_after_av_one_fourth  avia-builder-el-last  flex_column_div av-zero-column-padding  column-top-margin'     ><section  class='av_textblock_section av-3c831g-dafce399b54a4688a6a8b59c1c5bcca9'   itemscope=\"itemscope\" itemtype=\"https:\/\/schema.org\/CreativeWork\" ><div class='avia_textblock'  itemprop=\"text\" ><p>Es importante construir una muy buena estrategia de <a href=\"https:\/\/sl.ebavs.net\/es\/servicios\/seo\/\">SEO<\/a> para WordPress.<\/p>\n<p>\u00bfC\u00f3mo mejoramos el SEO en WordPress?<\/p>\n<p>Creamos una estrategia siguiendo estos pasos:<\/p>\n<ul>\n<li>Rendimiento: revisamos plugins, velocidad de carga de la p\u00e1gina, optimizaci\u00f3n del rendimiento web, cach\u00e9 de activaci\u00f3n, dise\u00f1o web responsive<\/li>\n<li>Seguridad: agregamos complementos de seguridad a los sitios web, protegemos los datos y creamos copias de seguridad.<\/li>\n<li>Contenido: analizamos y optimizamos contenido, URLs, t\u00edtulos, meta descripciones, im\u00e1genes, alts, correcci\u00f3n sem\u00e1ntica, revisamos enlaces internos y externos.<\/li>\n<\/ul>\n<\/div><\/section><\/div><\/div><\/div><\/div><!-- close content main div --><\/div><div class='av-extra-border-element border-extra-diagonal'><div class='av-extra-border-outer'><div class='av-extra-border-inner'><\/div><\/div><\/div><\/div><div id='after_section_3'  class='main_color av_default_container_wrap container_wrap fullsize'  ><div class='container av-section-cont-open' ><div class='template-page content  av-content-full alpha units'><div class='post-entry post-entry-type-page post-entry-8591'><div class='entry-content-wrapper clearfix'>\n<style type=\"text\/css\" data-created_by=\"avia_inline_auto\" id=\"style-css-av-av_heading-ec9868ec18a40aeaf80f21f5c07c8ff9\">\n#top .av-special-heading.av-av_heading-ec9868ec18a40aeaf80f21f5c07c8ff9{\nmargin:40px 0 0 0;\npadding-bottom:10px;\n}\nbody .av-special-heading.av-av_heading-ec9868ec18a40aeaf80f21f5c07c8ff9 .av-special-heading-tag .heading-char{\nfont-size:25px;\n}\n.av-special-heading.av-av_heading-ec9868ec18a40aeaf80f21f5c07c8ff9 .av-subheading{\nfont-size:18px;\n}\n<\/style>\n<div  class='av-special-heading av-av_heading-ec9868ec18a40aeaf80f21f5c07c8ff9 av-special-heading-h2 blockquote modern-quote  avia-builder-el-25  el_after_av_section  el_before_av_masonry_entries  avia-builder-el-no-sibling  typewriter-effect'><h2 class='av-special-heading-tag'  itemprop=\"headline\"  >Casos de estudio x WordPress<\/h2><div class=\"special-heading-border\"><div class=\"special-heading-inner-border\"><\/div><\/div><\/div><\/p>\n<div id='av-masonry-1' class='av-masonry av-x48t-888eb8599717ad5ac34733b03406d7bf noHover av-fixed-size av-no-gap av-hover-overlay- av-masonry-animation-active av-masonry-col-2 av-caption-on-hover av-caption-style-overlay av-masonry-entries av-medium-columns-overwrite av-medium-columns-1 av-small-columns-overwrite av-small-columns-1 av-mini-columns-overwrite av-mini-columns-1' data-post_id=\"8591\"><div class=\"av-masonry-container isotope av-js-disabled\"><div class='av-masonry-entry isotope-item av-masonry-item-no-image'><\/div><a href=\"https:\/\/sl.ebavs.net\/es\/proyectos\/copywriter-collective\/\"  id='av-masonry-1-item-8677' data-av-masonry-item='8677' class='av-masonry-entry isotope-item post-8677 portfolio type-portfolio status-publish has-post-thumbnail hentry portfolio_entries-desarrollo-web portfolio_entries-estrategia-digital portfolio_entries-project-management-es portfolio_entries-front-end-es portfolio_entries-seo-es portfolio_entries-ux-es portfolio_entries-wordpress-es  av-masonry-item-with-image' title=\"ebavs-copywriter-mobile\"   itemscope=\"itemscope\" itemtype=\"https:\/\/schema.org\/CreativeWork\" ><div class='av-inner-masonry-sizer'><\/div><figure class='av-inner-masonry main_color'><div class=\"av-masonry-outerimage-container\"><div class='av-masonry-image-container' style=\"background-image: url(https:\/\/sl.ebavs.net\/wp-content\/webp-express\/webp-images\/doc-root\/wp-content\/uploads\/2021\/07\/ebavs-copywriter-mobile-705x497.jpg.webp);\"  title=\"ebavs-copywriter-mobile\" ><\/div><\/div><figcaption class='av-inner-masonry-content site-background'><div class='av-inner-masonry-content-pos'><div class='av-inner-masonry-content-pos-content'><div class='avia-arrow'><\/div><h3 class='av-masonry-entry-title entry-title'  itemprop=\"headline\" >Copywriter Collective<\/h3><div class='av-masonry-entry-content entry-content'  itemprop=\"text\" >Estrategia Digital, SEO, UX, Desarrollo WordPress<\/div><\/div><\/div><\/figcaption><\/figure><\/a><!--end av-masonry entry--><a href=\"https:\/\/sl.ebavs.net\/es\/proyectos\/venga\/\"  id='av-masonry-1-item-8693' data-av-masonry-item='8693' class='av-masonry-entry isotope-item post-8693 portfolio type-portfolio status-publish has-post-thumbnail hentry portfolio_entries-desarrollo-web portfolio_entries-ux-es portfolio_entries-wordpress-es  av-masonry-item-with-image' title=\"ebavs-venga\"   itemscope=\"itemscope\" itemtype=\"https:\/\/schema.org\/CreativeWork\" ><div class='av-inner-masonry-sizer'><\/div><figure class='av-inner-masonry main_color'><div class=\"av-masonry-outerimage-container\"><div class='av-masonry-image-container' style=\"background-image: url(https:\/\/sl.ebavs.net\/wp-content\/webp-express\/webp-images\/doc-root\/wp-content\/uploads\/2019\/08\/ebavs-venga.png.webp);\"  title=\"ebavs-venga\" ><\/div><\/div><figcaption class='av-inner-masonry-content site-background'><div class='av-inner-masonry-content-pos'><div class='av-inner-masonry-content-pos-content'><div class='avia-arrow'><\/div><h3 class='av-masonry-entry-title entry-title'  itemprop=\"headline\" >Venga<\/h3><div class='av-masonry-entry-content entry-content'  itemprop=\"text\" >UX, Desarrollo Web<\/div><\/div><\/div><\/figcaption><\/figure><\/a><!--end av-masonry entry--><a href=\"https:\/\/sl.ebavs.net\/es\/proyectos\/viaro\/\"  id='av-masonry-1-item-8698' data-av-masonry-item='8698' class='av-masonry-entry isotope-item post-8698 portfolio type-portfolio status-publish has-post-thumbnail hentry portfolio_entries-desarrollo-web portfolio_entries-front-end-es portfolio_entries-wordpress-es  av-masonry-item-with-image' title=\"viaro-ebavs\"   itemscope=\"itemscope\" itemtype=\"https:\/\/schema.org\/CreativeWork\" ><div class='av-inner-masonry-sizer'><\/div><figure class='av-inner-masonry main_color'><div class=\"av-masonry-outerimage-container\"><div class='av-masonry-image-container' style=\"background-image: url(https:\/\/sl.ebavs.net\/wp-content\/webp-express\/webp-images\/doc-root\/wp-content\/uploads\/2019\/03\/viaro-ebavs-1-705x202.jpg.webp);\"  title=\"viaro-ebavs\" ><\/div><\/div><figcaption class='av-inner-masonry-content site-background'><div class='av-inner-masonry-content-pos'><div class='av-inner-masonry-content-pos-content'><div class='avia-arrow'><\/div><h3 class='av-masonry-entry-title entry-title'  itemprop=\"headline\" >Viar\u00f3<\/h3><div class='av-masonry-entry-content entry-content'  itemprop=\"text\" >Desarrollo Wordpress<\/div><\/div><\/div><\/figcaption><\/figure><\/a><!--end av-masonry entry--><\/div><\/div>","protected":false},"excerpt":{"rendered":"","protected":false},"author":2,"featured_media":0,"parent":5380,"menu_order":0,"comment_status":"closed","ping_status":"closed","template":"","meta":{"_exactmetrics_skip_tracking":false,"_exactmetrics_sitenote_active":false,"_exactmetrics_sitenote_note":"","_exactmetrics_sitenote_category":0,"footnotes":""},"class_list":["post-8591","page","type-page","status-publish","hentry"],"yoast_head":"<!-- This site is optimized with the Yoast SEO plugin v26.9 - https:\/\/yoast.com\/product\/yoast-seo-wordpress\/ -->\n<title>WordPress Desarrollo: Contratanos para tu WEB - EBAVS\/<\/title>\n<meta name=\"description\" content=\"Trabaja con nosotros y personaliza tu tema WordPress o crea uno nuevo desde 0, optimizaci\u00f3n, SEO, rendimiento.\" \/>\n<meta name=\"robots\" content=\"index, follow, max-snippet:-1, max-image-preview:large, max-video-preview:-1\" \/>\n<link rel=\"canonical\" href=\"https:\/\/sl.ebavs.net\/es\/servicios\/wordpress-desarrollo\/\" \/>\n<meta property=\"og:locale\" content=\"es_ES\" \/>\n<meta property=\"og:type\" content=\"article\" \/>\n<meta property=\"og:title\" content=\"WordPress Desarrollo: Contratanos para tu WEB - EBAVS\/\" \/>\n<meta property=\"og:description\" content=\"Trabaja con nosotros y personaliza tu tema WordPress o crea uno nuevo desde 0, optimizaci\u00f3n, SEO, rendimiento.\" \/>\n<meta property=\"og:url\" content=\"https:\/\/sl.ebavs.net\/es\/servicios\/wordpress-desarrollo\/\" \/>\n<meta property=\"og:site_name\" content=\"EBAVS\/\" \/>\n<meta property=\"article:modified_time\" content=\"2021-07-20T15:28:18+00:00\" \/>\n<meta name=\"twitter:card\" content=\"summary_large_image\" \/>\n<meta name=\"twitter:label1\" content=\"Tiempo de lectura\" \/>\n\t<meta name=\"twitter:data1\" content=\"5 minutos\" \/>\n<script type=\"application\/ld+json\" class=\"yoast-schema-graph\">{\"@context\":\"https:\/\/schema.org\",\"@graph\":[{\"@type\":\"WebPage\",\"@id\":\"https:\/\/sl.ebavs.net\/es\/servicios\/wordpress-desarrollo\/\",\"url\":\"https:\/\/sl.ebavs.net\/es\/servicios\/wordpress-desarrollo\/\",\"name\":\"WordPress Desarrollo: Contratanos para tu WEB - EBAVS\/\",\"isPartOf\":{\"@id\":\"https:\/\/sl.ebavs.net\/es\/#website\"},\"datePublished\":\"2021-07-16T08:06:06+00:00\",\"dateModified\":\"2021-07-20T15:28:18+00:00\",\"description\":\"Trabaja con nosotros y personaliza tu tema WordPress o crea uno nuevo desde 0, optimizaci\u00f3n, SEO, rendimiento.\",\"breadcrumb\":{\"@id\":\"https:\/\/sl.ebavs.net\/es\/servicios\/wordpress-desarrollo\/#breadcrumb\"},\"inLanguage\":\"es\",\"potentialAction\":[{\"@type\":\"ReadAction\",\"target\":[\"https:\/\/sl.ebavs.net\/es\/servicios\/wordpress-desarrollo\/\"]}]},{\"@type\":\"BreadcrumbList\",\"@id\":\"https:\/\/sl.ebavs.net\/es\/servicios\/wordpress-desarrollo\/#breadcrumb\",\"itemListElement\":[{\"@type\":\"ListItem\",\"position\":1,\"name\":\"Home\",\"item\":\"https:\/\/sl.ebavs.net\/es\/desarrollo-web-estrategia-digital\/\"},{\"@type\":\"ListItem\",\"position\":2,\"name\":\"servicios\",\"item\":\"https:\/\/sl.ebavs.net\/es\/services\/\"},{\"@type\":\"ListItem\",\"position\":3,\"name\":\"WordPress Desarrollo\"}]},{\"@type\":\"WebSite\",\"@id\":\"https:\/\/sl.ebavs.net\/es\/#website\",\"url\":\"https:\/\/sl.ebavs.net\/es\/\",\"name\":\"EBAVS\/\",\"description\":\"Freelance team based in Barcelona, experts on digitals projects. Digital project management and Digital web developers\",\"potentialAction\":[{\"@type\":\"SearchAction\",\"target\":{\"@type\":\"EntryPoint\",\"urlTemplate\":\"https:\/\/sl.ebavs.net\/es\/?s={search_term_string}\"},\"query-input\":{\"@type\":\"PropertyValueSpecification\",\"valueRequired\":true,\"valueName\":\"search_term_string\"}}],\"inLanguage\":\"es\"}]}<\/script>\n<!-- \/ Yoast SEO plugin. -->","yoast_head_json":{"title":"WordPress Desarrollo: Contratanos para tu WEB - EBAVS\/","description":"Trabaja con nosotros y personaliza tu tema WordPress o crea uno nuevo desde 0, optimizaci\u00f3n, SEO, rendimiento.","robots":{"index":"index","follow":"follow","max-snippet":"max-snippet:-1","max-image-preview":"max-image-preview:large","max-video-preview":"max-video-preview:-1"},"canonical":"https:\/\/sl.ebavs.net\/es\/servicios\/wordpress-desarrollo\/","og_locale":"es_ES","og_type":"article","og_title":"WordPress Desarrollo: Contratanos para tu WEB - EBAVS\/","og_description":"Trabaja con nosotros y personaliza tu tema WordPress o crea uno nuevo desde 0, optimizaci\u00f3n, SEO, rendimiento.","og_url":"https:\/\/sl.ebavs.net\/es\/servicios\/wordpress-desarrollo\/","og_site_name":"EBAVS\/","article_modified_time":"2021-07-20T15:28:18+00:00","twitter_card":"summary_large_image","twitter_misc":{"Tiempo de lectura":"5 minutos"},"schema":{"@context":"https:\/\/schema.org","@graph":[{"@type":"WebPage","@id":"https:\/\/sl.ebavs.net\/es\/servicios\/wordpress-desarrollo\/","url":"https:\/\/sl.ebavs.net\/es\/servicios\/wordpress-desarrollo\/","name":"WordPress Desarrollo: Contratanos para tu WEB - EBAVS\/","isPartOf":{"@id":"https:\/\/sl.ebavs.net\/es\/#website"},"datePublished":"2021-07-16T08:06:06+00:00","dateModified":"2021-07-20T15:28:18+00:00","description":"Trabaja con nosotros y personaliza tu tema WordPress o crea uno nuevo desde 0, optimizaci\u00f3n, SEO, rendimiento.","breadcrumb":{"@id":"https:\/\/sl.ebavs.net\/es\/servicios\/wordpress-desarrollo\/#breadcrumb"},"inLanguage":"es","potentialAction":[{"@type":"ReadAction","target":["https:\/\/sl.ebavs.net\/es\/servicios\/wordpress-desarrollo\/"]}]},{"@type":"BreadcrumbList","@id":"https:\/\/sl.ebavs.net\/es\/servicios\/wordpress-desarrollo\/#breadcrumb","itemListElement":[{"@type":"ListItem","position":1,"name":"Home","item":"https:\/\/sl.ebavs.net\/es\/desarrollo-web-estrategia-digital\/"},{"@type":"ListItem","position":2,"name":"servicios","item":"https:\/\/sl.ebavs.net\/es\/services\/"},{"@type":"ListItem","position":3,"name":"WordPress Desarrollo"}]},{"@type":"WebSite","@id":"https:\/\/sl.ebavs.net\/es\/#website","url":"https:\/\/sl.ebavs.net\/es\/","name":"EBAVS\/","description":"Freelance team based in Barcelona, experts on digitals projects. Digital project management and Digital web developers","potentialAction":[{"@type":"SearchAction","target":{"@type":"EntryPoint","urlTemplate":"https:\/\/sl.ebavs.net\/es\/?s={search_term_string}"},"query-input":{"@type":"PropertyValueSpecification","valueRequired":true,"valueName":"search_term_string"}}],"inLanguage":"es"}]}},"_links":{"self":[{"href":"https:\/\/sl.ebavs.net\/es\/wp-json\/wp\/v2\/pages\/8591","targetHints":{"allow":["GET"]}}],"collection":[{"href":"https:\/\/sl.ebavs.net\/es\/wp-json\/wp\/v2\/pages"}],"about":[{"href":"https:\/\/sl.ebavs.net\/es\/wp-json\/wp\/v2\/types\/page"}],"author":[{"embeddable":true,"href":"https:\/\/sl.ebavs.net\/es\/wp-json\/wp\/v2\/users\/2"}],"replies":[{"embeddable":true,"href":"https:\/\/sl.ebavs.net\/es\/wp-json\/wp\/v2\/comments?post=8591"}],"version-history":[{"count":9,"href":"https:\/\/sl.ebavs.net\/es\/wp-json\/wp\/v2\/pages\/8591\/revisions"}],"predecessor-version":[{"id":8896,"href":"https:\/\/sl.ebavs.net\/es\/wp-json\/wp\/v2\/pages\/8591\/revisions\/8896"}],"up":[{"embeddable":true,"href":"https:\/\/sl.ebavs.net\/es\/wp-json\/wp\/v2\/pages\/5380"}],"wp:attachment":[{"href":"https:\/\/sl.ebavs.net\/es\/wp-json\/wp\/v2\/media?parent=8591"}],"curies":[{"name":"wp","href":"https:\/\/api.w.org\/{rel}","templated":true}]}}